{"id":409,"date":"2021-03-17T13:27:34","date_gmt":"2021-03-17T12:27:34","guid":{"rendered":"https:\/\/bpf.flaw.uniba.sk\/?page_id=409"},"modified":"2025-07-03T09:24:51","modified_gmt":"2025-07-03T07:24:51","slug":"sekcia-prava_it_a_pdv","status":"publish","type":"page","link":"https:\/\/bpf2025.flaw.uniba.sk\/en\/sekcia-prava_it_a_pdv\/","title":{"rendered":"Information Technology Law and Intellectual Property Law Section"},"content":{"rendered":"<figure class=\"wp-block-image size-large\"><img fetchpriority=\"high\" decoding=\"async\" width=\"1024\" height=\"206\" src=\"https:\/\/bpf.flaw.uniba.sk\/wp-content\/uploads\/2025\/07\/3-LOGA-SPOLU_CUSEC-1024x206.png\" alt=\"\" class=\"wp-image-2298\" srcset=\"https:\/\/bpf2025.flaw.uniba.sk\/wp-content\/uploads\/2025\/07\/3-LOGA-SPOLU_CUSEC-1024x206.png 1024w, https:\/\/bpf2025.flaw.uniba.sk\/wp-content\/uploads\/2025\/07\/3-LOGA-SPOLU_CUSEC-300x60.png 300w, https:\/\/bpf2025.flaw.uniba.sk\/wp-content\/uploads\/2025\/07\/3-LOGA-SPOLU_CUSEC-768x155.png 768w, https:\/\/bpf2025.flaw.uniba.sk\/wp-content\/uploads\/2025\/07\/3-LOGA-SPOLU_CUSEC-18x4.png 18w, https:\/\/bpf2025.flaw.uniba.sk\/wp-content\/uploads\/2025\/07\/3-LOGA-SPOLU_CUSEC.png 1153w\" sizes=\"(max-width: 1024px) 100vw, 1024px\" \/><\/figure>\n\n\n\n<h2 class=\"wp-block-heading alignwide has-text-align-center\">Regulation, Cybersecurity and Digitalization of Law<\/h2>\n\n\n\n<p class=\"has-drop-cap\">Digital transformation and continuous technological progress bring new challenges to the legal environment, requiring innovative approaches and effective regulation. This section focuses on current issues in the field of information technology law, including legal and ethical aspects of artificial intelligence, cybersecurity and data protection regulation, as well as the digitalization of legal relations or services. Contributions will analyze how legal acts respond to the dynamics of the digital environment and explore the possibilities of how law can support the development of technological innovation, while ensuring the protection of fundamental rights, the values of the rule of law and a sufficient level of cybersecurity. The aim is to identify trends, challenges and opportunities facing legislation and legal practice in the era of digital transformation.<\/p>\n\n\n\n<p><strong>Guarantors of the section:<\/strong><\/p>\n\n\n\n<p>doc. JUDr. Jozef Andra\u0161ko, PhD.<\/p>\n\n\n\n<p>JUDr. Mat\u00fa\u0161 Mesar\u010d\u00edk, PhD.<\/p>\n\n\n\n<p class=\"has-text-align-left\"><\/p>","protected":false},"excerpt":{"rendered":"<p>Regul\u00e1cia, kybernetick\u00e1 bezpe\u010dnos\u0165 a digitaliz\u00e1cia pr\u00e1va Digit\u00e1lna transform\u00e1cia a neust\u00e1ly technologick\u00fd pokrok prin\u00e1\u0161aj\u00fa nov\u00e9 v\u00fdzvy pre pr\u00e1vne prostredie, ktor\u00e9 si vy\u017eaduj\u00fa inovat\u00edvne pr\u00edstupy a efekt\u00edvnu regul\u00e1ciu. T\u00e1to sekcia sa zameriava na aktu\u00e1lne ot\u00e1zky v oblasti pr\u00e1va informa\u010dn\u00fdch technol\u00f3gi\u00ed, vr\u00e1tane pr\u00e1vnych a etick\u00fdch aspektov umelej inteligencie, regul\u00e1cie kybernetickej bezpe\u010dnosti a ochrany \u00fadajov, ako aj digitaliz\u00e1cie pr\u00e1vnych [&hellip;]<\/p>\n","protected":false},"author":2,"featured_media":0,"parent":0,"menu_order":0,"comment_status":"closed","ping_status":"closed","template":"","meta":{"ngg_post_thumbnail":0,"footnotes":""},"class_list":["post-409","page","type-page","status-publish","hentry"],"yoast_head":"<!-- This site is optimized with the Yoast SEO plugin v27.2 - https:\/\/yoast.com\/product\/yoast-seo-wordpress\/ -->\n<title>Sekcia pr\u00e1va informa\u010dn\u00fdch technol\u00f3gi\u00ed a pr\u00e1va du\u0161evn\u00e9ho vlastn\u00edctva - BPF<\/title>\n<meta name=\"robots\" content=\"index, follow, max-snippet:-1, max-image-preview:large, max-video-preview:-1\" \/>\n<link rel=\"canonical\" href=\"https:\/\/bpf2025.flaw.uniba.sk\/en\/sekcia-prava_it_a_pdv\/\" \/>\n<meta property=\"og:locale\" content=\"en_US\" \/>\n<meta property=\"og:type\" content=\"article\" \/>\n<meta property=\"og:title\" content=\"Sekcia pr\u00e1va informa\u010dn\u00fdch technol\u00f3gi\u00ed a pr\u00e1va du\u0161evn\u00e9ho vlastn\u00edctva - BPF\" \/>\n<meta property=\"og:description\" content=\"Regul\u00e1cia, kybernetick\u00e1 bezpe\u010dnos\u0165 a digitaliz\u00e1cia pr\u00e1va Digit\u00e1lna transform\u00e1cia a neust\u00e1ly technologick\u00fd pokrok prin\u00e1\u0161aj\u00fa nov\u00e9 v\u00fdzvy pre pr\u00e1vne prostredie, ktor\u00e9 si vy\u017eaduj\u00fa inovat\u00edvne pr\u00edstupy a efekt\u00edvnu regul\u00e1ciu. T\u00e1to sekcia sa zameriava na aktu\u00e1lne ot\u00e1zky v oblasti pr\u00e1va informa\u010dn\u00fdch technol\u00f3gi\u00ed, vr\u00e1tane pr\u00e1vnych a etick\u00fdch aspektov umelej inteligencie, regul\u00e1cie kybernetickej bezpe\u010dnosti a ochrany \u00fadajov, ako aj digitaliz\u00e1cie pr\u00e1vnych [&hellip;]\" \/>\n<meta property=\"og:url\" content=\"https:\/\/bpf2025.flaw.uniba.sk\/en\/sekcia-prava_it_a_pdv\/\" \/>\n<meta property=\"og:site_name\" content=\"BPF\" \/>\n<meta property=\"article:modified_time\" content=\"2025-07-03T07:24:51+00:00\" \/>\n<meta property=\"og:image\" content=\"https:\/\/bpf.flaw.uniba.sk\/wp-content\/uploads\/2025\/07\/3-LOGA-SPOLU_CUSEC-1024x206.png\" \/>\n<meta name=\"twitter:card\" content=\"summary_large_image\" \/>\n<meta name=\"twitter:label1\" content=\"Est. reading time\" \/>\n\t<meta name=\"twitter:data1\" content=\"1 minute\" \/>\n<script type=\"application\/ld+json\" class=\"yoast-schema-graph\">{\"@context\":\"https:\/\/schema.org\",\"@graph\":[{\"@type\":\"WebPage\",\"@id\":\"https:\/\/bpf2025.flaw.uniba.sk\/sekcia-prava_it_a_pdv\/\",\"url\":\"https:\/\/bpf2025.flaw.uniba.sk\/sekcia-prava_it_a_pdv\/\",\"name\":\"Sekcia pr\u00e1va informa\u010dn\u00fdch technol\u00f3gi\u00ed a pr\u00e1va du\u0161evn\u00e9ho vlastn\u00edctva - BPF\",\"isPartOf\":{\"@id\":\"https:\/\/bpf2025.flaw.uniba.sk\/#website\"},\"primaryImageOfPage\":{\"@id\":\"https:\/\/bpf2025.flaw.uniba.sk\/sekcia-prava_it_a_pdv\/#primaryimage\"},\"image\":{\"@id\":\"https:\/\/bpf2025.flaw.uniba.sk\/sekcia-prava_it_a_pdv\/#primaryimage\"},\"thumbnailUrl\":\"https:\/\/bpf.flaw.uniba.sk\/wp-content\/uploads\/2025\/07\/3-LOGA-SPOLU_CUSEC-1024x206.png\",\"datePublished\":\"2021-03-17T12:27:34+00:00\",\"dateModified\":\"2025-07-03T07:24:51+00:00\",\"breadcrumb\":{\"@id\":\"https:\/\/bpf2025.flaw.uniba.sk\/sekcia-prava_it_a_pdv\/#breadcrumb\"},\"inLanguage\":\"en-US\",\"potentialAction\":[{\"@type\":\"ReadAction\",\"target\":[\"https:\/\/bpf2025.flaw.uniba.sk\/sekcia-prava_it_a_pdv\/\"]}]},{\"@type\":\"ImageObject\",\"inLanguage\":\"en-US\",\"@id\":\"https:\/\/bpf2025.flaw.uniba.sk\/sekcia-prava_it_a_pdv\/#primaryimage\",\"url\":\"https:\/\/bpf.flaw.uniba.sk\/wp-content\/uploads\/2025\/07\/3-LOGA-SPOLU_CUSEC-1024x206.png\",\"contentUrl\":\"https:\/\/bpf.flaw.uniba.sk\/wp-content\/uploads\/2025\/07\/3-LOGA-SPOLU_CUSEC-1024x206.png\"},{\"@type\":\"BreadcrumbList\",\"@id\":\"https:\/\/bpf2025.flaw.uniba.sk\/sekcia-prava_it_a_pdv\/#breadcrumb\",\"itemListElement\":[{\"@type\":\"ListItem\",\"position\":1,\"name\":\"Home\",\"item\":\"https:\/\/bpf2025.flaw.uniba.sk\/\"},{\"@type\":\"ListItem\",\"position\":2,\"name\":\"Sekcia pr\u00e1va informa\u010dn\u00fdch technol\u00f3gi\u00ed a pr\u00e1va du\u0161evn\u00e9ho vlastn\u00edctva\"}]},{\"@type\":\"WebSite\",\"@id\":\"https:\/\/bpf2025.flaw.uniba.sk\/#website\",\"url\":\"https:\/\/bpf2025.flaw.uniba.sk\/\",\"name\":\"BPF\",\"description\":\"\",\"publisher\":{\"@id\":\"https:\/\/bpf2025.flaw.uniba.sk\/#organization\"},\"potentialAction\":[{\"@type\":\"SearchAction\",\"target\":{\"@type\":\"EntryPoint\",\"urlTemplate\":\"https:\/\/bpf2025.flaw.uniba.sk\/?s={search_term_string}\"},\"query-input\":{\"@type\":\"PropertyValueSpecification\",\"valueRequired\":true,\"valueName\":\"search_term_string\"}}],\"inLanguage\":\"en-US\"},{\"@type\":\"Organization\",\"@id\":\"https:\/\/bpf2025.flaw.uniba.sk\/#organization\",\"name\":\"BPF\",\"url\":\"https:\/\/bpf2025.flaw.uniba.sk\/\",\"logo\":{\"@type\":\"ImageObject\",\"inLanguage\":\"en-US\",\"@id\":\"https:\/\/bpf2025.flaw.uniba.sk\/#\/schema\/logo\/image\/\",\"url\":\"https:\/\/bpf2025.flaw.uniba.sk\/wp-content\/uploads\/2025\/01\/LOGO-SJ-biela.png\",\"contentUrl\":\"https:\/\/bpf2025.flaw.uniba.sk\/wp-content\/uploads\/2025\/01\/LOGO-SJ-biela.png\",\"width\":3151,\"height\":1062,\"caption\":\"BPF\"},\"image\":{\"@id\":\"https:\/\/bpf2025.flaw.uniba.sk\/#\/schema\/logo\/image\/\"}}]}<\/script>\n<!-- \/ Yoast SEO plugin. -->","yoast_head_json":{"title":"Sekcia pr\u00e1va informa\u010dn\u00fdch technol\u00f3gi\u00ed a pr\u00e1va du\u0161evn\u00e9ho vlastn\u00edctva - BPF","robots":{"index":"index","follow":"follow","max-snippet":"max-snippet:-1","max-image-preview":"max-image-preview:large","max-video-preview":"max-video-preview:-1"},"canonical":"https:\/\/bpf2025.flaw.uniba.sk\/en\/sekcia-prava_it_a_pdv\/","og_locale":"en_US","og_type":"article","og_title":"Sekcia pr\u00e1va informa\u010dn\u00fdch technol\u00f3gi\u00ed a pr\u00e1va du\u0161evn\u00e9ho vlastn\u00edctva - BPF","og_description":"Regul\u00e1cia, kybernetick\u00e1 bezpe\u010dnos\u0165 a digitaliz\u00e1cia pr\u00e1va Digit\u00e1lna transform\u00e1cia a neust\u00e1ly technologick\u00fd pokrok prin\u00e1\u0161aj\u00fa nov\u00e9 v\u00fdzvy pre pr\u00e1vne prostredie, ktor\u00e9 si vy\u017eaduj\u00fa inovat\u00edvne pr\u00edstupy a efekt\u00edvnu regul\u00e1ciu. T\u00e1to sekcia sa zameriava na aktu\u00e1lne ot\u00e1zky v oblasti pr\u00e1va informa\u010dn\u00fdch technol\u00f3gi\u00ed, vr\u00e1tane pr\u00e1vnych a etick\u00fdch aspektov umelej inteligencie, regul\u00e1cie kybernetickej bezpe\u010dnosti a ochrany \u00fadajov, ako aj digitaliz\u00e1cie pr\u00e1vnych [&hellip;]","og_url":"https:\/\/bpf2025.flaw.uniba.sk\/en\/sekcia-prava_it_a_pdv\/","og_site_name":"BPF","article_modified_time":"2025-07-03T07:24:51+00:00","og_image":[{"url":"https:\/\/bpf.flaw.uniba.sk\/wp-content\/uploads\/2025\/07\/3-LOGA-SPOLU_CUSEC-1024x206.png","type":"","width":"","height":""}],"twitter_card":"summary_large_image","twitter_misc":{"Est. reading time":"1 minute"},"schema":{"@context":"https:\/\/schema.org","@graph":[{"@type":"WebPage","@id":"https:\/\/bpf2025.flaw.uniba.sk\/sekcia-prava_it_a_pdv\/","url":"https:\/\/bpf2025.flaw.uniba.sk\/sekcia-prava_it_a_pdv\/","name":"Sekcia pr\u00e1va informa\u010dn\u00fdch technol\u00f3gi\u00ed a pr\u00e1va du\u0161evn\u00e9ho vlastn\u00edctva - BPF","isPartOf":{"@id":"https:\/\/bpf2025.flaw.uniba.sk\/#website"},"primaryImageOfPage":{"@id":"https:\/\/bpf2025.flaw.uniba.sk\/sekcia-prava_it_a_pdv\/#primaryimage"},"image":{"@id":"https:\/\/bpf2025.flaw.uniba.sk\/sekcia-prava_it_a_pdv\/#primaryimage"},"thumbnailUrl":"https:\/\/bpf.flaw.uniba.sk\/wp-content\/uploads\/2025\/07\/3-LOGA-SPOLU_CUSEC-1024x206.png","datePublished":"2021-03-17T12:27:34+00:00","dateModified":"2025-07-03T07:24:51+00:00","breadcrumb":{"@id":"https:\/\/bpf2025.flaw.uniba.sk\/sekcia-prava_it_a_pdv\/#breadcrumb"},"inLanguage":"en-US","potentialAction":[{"@type":"ReadAction","target":["https:\/\/bpf2025.flaw.uniba.sk\/sekcia-prava_it_a_pdv\/"]}]},{"@type":"ImageObject","inLanguage":"en-US","@id":"https:\/\/bpf2025.flaw.uniba.sk\/sekcia-prava_it_a_pdv\/#primaryimage","url":"https:\/\/bpf.flaw.uniba.sk\/wp-content\/uploads\/2025\/07\/3-LOGA-SPOLU_CUSEC-1024x206.png","contentUrl":"https:\/\/bpf.flaw.uniba.sk\/wp-content\/uploads\/2025\/07\/3-LOGA-SPOLU_CUSEC-1024x206.png"},{"@type":"BreadcrumbList","@id":"https:\/\/bpf2025.flaw.uniba.sk\/sekcia-prava_it_a_pdv\/#breadcrumb","itemListElement":[{"@type":"ListItem","position":1,"name":"Home","item":"https:\/\/bpf2025.flaw.uniba.sk\/"},{"@type":"ListItem","position":2,"name":"Sekcia pr\u00e1va informa\u010dn\u00fdch technol\u00f3gi\u00ed a pr\u00e1va du\u0161evn\u00e9ho vlastn\u00edctva"}]},{"@type":"WebSite","@id":"https:\/\/bpf2025.flaw.uniba.sk\/#website","url":"https:\/\/bpf2025.flaw.uniba.sk\/","name":"BLF","description":"","publisher":{"@id":"https:\/\/bpf2025.flaw.uniba.sk\/#organization"},"potentialAction":[{"@type":"SearchAction","target":{"@type":"EntryPoint","urlTemplate":"https:\/\/bpf2025.flaw.uniba.sk\/?s={search_term_string}"},"query-input":{"@type":"PropertyValueSpecification","valueRequired":true,"valueName":"search_term_string"}}],"inLanguage":"en-US"},{"@type":"Organization","@id":"https:\/\/bpf2025.flaw.uniba.sk\/#organization","name":"BLF","url":"https:\/\/bpf2025.flaw.uniba.sk\/","logo":{"@type":"ImageObject","inLanguage":"en-US","@id":"https:\/\/bpf2025.flaw.uniba.sk\/#\/schema\/logo\/image\/","url":"https:\/\/bpf2025.flaw.uniba.sk\/wp-content\/uploads\/2025\/01\/LOGO-SJ-biela.png","contentUrl":"https:\/\/bpf2025.flaw.uniba.sk\/wp-content\/uploads\/2025\/01\/LOGO-SJ-biela.png","width":3151,"height":1062,"caption":"BPF"},"image":{"@id":"https:\/\/bpf2025.flaw.uniba.sk\/#\/schema\/logo\/image\/"}}]}},"_links":{"self":[{"href":"https:\/\/bpf2025.flaw.uniba.sk\/en\/wp-json\/wp\/v2\/pages\/409","targetHints":{"allow":["GET"]}}],"collection":[{"href":"https:\/\/bpf2025.flaw.uniba.sk\/en\/wp-json\/wp\/v2\/pages"}],"about":[{"href":"https:\/\/bpf2025.flaw.uniba.sk\/en\/wp-json\/wp\/v2\/types\/page"}],"author":[{"embeddable":true,"href":"https:\/\/bpf2025.flaw.uniba.sk\/en\/wp-json\/wp\/v2\/users\/2"}],"replies":[{"embeddable":true,"href":"https:\/\/bpf2025.flaw.uniba.sk\/en\/wp-json\/wp\/v2\/comments?post=409"}],"version-history":[{"count":12,"href":"https:\/\/bpf2025.flaw.uniba.sk\/en\/wp-json\/wp\/v2\/pages\/409\/revisions"}],"predecessor-version":[{"id":2300,"href":"https:\/\/bpf2025.flaw.uniba.sk\/en\/wp-json\/wp\/v2\/pages\/409\/revisions\/2300"}],"wp:attachment":[{"href":"https:\/\/bpf2025.flaw.uniba.sk\/en\/wp-json\/wp\/v2\/media?parent=409"}],"curies":[{"name":"wp","href":"https:\/\/api.w.org\/{rel}","templated":true}]}}