{"id":394,"date":"2021-03-17T13:24:39","date_gmt":"2021-03-17T12:24:39","guid":{"rendered":"https:\/\/bpf.flaw.uniba.sk\/?page_id=394"},"modified":"2025-07-03T09:25:55","modified_gmt":"2025-07-03T07:25:55","slug":"sekcia-obcianskeho-prava","status":"publish","type":"page","link":"https:\/\/bpf2025.flaw.uniba.sk\/en\/sekcia-obcianskeho-prava\/","title":{"rendered":"Civil Law Section"},"content":{"rendered":"<figure class=\"wp-block-image size-large\"><img fetchpriority=\"high\" decoding=\"async\" width=\"1024\" height=\"206\" src=\"https:\/\/bpf.flaw.uniba.sk\/wp-content\/uploads\/2025\/07\/3-LOGA-SPOLU_CUSEC-1-1024x206.png\" alt=\"\" class=\"wp-image-2301\" srcset=\"https:\/\/bpf2025.flaw.uniba.sk\/wp-content\/uploads\/2025\/07\/3-LOGA-SPOLU_CUSEC-1-1024x206.png 1024w, https:\/\/bpf2025.flaw.uniba.sk\/wp-content\/uploads\/2025\/07\/3-LOGA-SPOLU_CUSEC-1-300x60.png 300w, https:\/\/bpf2025.flaw.uniba.sk\/wp-content\/uploads\/2025\/07\/3-LOGA-SPOLU_CUSEC-1-768x155.png 768w, https:\/\/bpf2025.flaw.uniba.sk\/wp-content\/uploads\/2025\/07\/3-LOGA-SPOLU_CUSEC-1-18x4.png 18w, https:\/\/bpf2025.flaw.uniba.sk\/wp-content\/uploads\/2025\/07\/3-LOGA-SPOLU_CUSEC-1.png 1153w\" sizes=\"(max-width: 1024px) 100vw, 1024px\" \/><\/figure>\n\n\n\n<h2 class=\"wp-block-heading alignwide has-text-align-center\">Current Challenges and Limits of Civil Law in Connection with the Advent of Artificial Intelligence<\/h2>\n\n\n\n<p>The modern era is closely related to the dynamic development of social relations, which appear to be new and unknown in the context of the previous state of development of society. They are being created not only as a result of the dynamics of society itself, the level of scientific and technological knowledge, but also as a result of the modification of value settings. Pursuing the very purpose of the law, there is thus a need to regulate them so that they cannot become an abusable product in the hands of a controlling person. The aim of the chosen topic is to focus on specific actual issues of civil law, to identify the needs for regulation, its current status and perspectives. On the other hand, it creates an opportunity to critically evaluate the negatives that arise from the current state of society and to determine the adequate space and instruments of legal protection. Contributions concerning civil law in its substantive connotations, but also in aspects of procedural law are welcome.<\/p>\n\n\n\n<p><\/p>\n\n\n\n<p><strong>Guarantors of the section:<\/strong><\/p>\n\n\n\n<p>prof. JUDr. Alexandra L\u00f6wy, PhD.<\/p>\n\n\n\n<p>JUDr. Ing. Karin Rakov\u00e1, PhD., MBA<\/p>\n\n\n\n<p><\/p>","protected":false},"excerpt":{"rendered":"<p>Aktu\u00e1lne v\u00fdzvy a limity civiln\u00e9ho pr\u00e1va v&nbsp;s\u00favislosti s&nbsp;n\u00e1stupom umelej inteligencie Modern\u00e1 doba \u00fazko s\u00favis\u00ed aj s turbulentn\u00fdm rozvojom spolo\u010densk\u00fdch vz\u0165ahov, ktor\u00e9 sa javia ako nov\u00e9 a v kontexte predch\u00e1dzaj\u00faceho stavu rozvoja spolo\u010dnosti nepoznan\u00e9. Vytv\u00e1raj\u00fa sa nielen v d\u00f4sledku dynamiky spolo\u010dnosti samotnej, \u00farovne vedeck\u00fdch a technologick\u00fdch poznatkov, ale aj v d\u00f4sledku modifik\u00e1cie hodnotov\u00e9ho nastavenia. Sleduj\u00fac samotn\u00fd [&hellip;]<\/p>\n","protected":false},"author":2,"featured_media":0,"parent":0,"menu_order":0,"comment_status":"closed","ping_status":"closed","template":"","meta":{"ngg_post_thumbnail":0,"footnotes":""},"class_list":["post-394","page","type-page","status-publish","hentry"],"yoast_head":"<!-- This site is optimized with the Yoast SEO plugin v27.2 - https:\/\/yoast.com\/product\/yoast-seo-wordpress\/ -->\n<title>Sekcia ob\u010dianskeho pr\u00e1va - BPF<\/title>\n<meta name=\"robots\" content=\"index, follow, max-snippet:-1, max-image-preview:large, max-video-preview:-1\" \/>\n<link rel=\"canonical\" href=\"https:\/\/bpf2025.flaw.uniba.sk\/en\/sekcia-obcianskeho-prava\/\" \/>\n<meta property=\"og:locale\" content=\"en_US\" \/>\n<meta property=\"og:type\" content=\"article\" \/>\n<meta property=\"og:title\" content=\"Sekcia ob\u010dianskeho pr\u00e1va - BPF\" \/>\n<meta property=\"og:description\" content=\"Aktu\u00e1lne v\u00fdzvy a limity civiln\u00e9ho pr\u00e1va v&nbsp;s\u00favislosti s&nbsp;n\u00e1stupom umelej inteligencie Modern\u00e1 doba \u00fazko s\u00favis\u00ed aj s turbulentn\u00fdm rozvojom spolo\u010densk\u00fdch vz\u0165ahov, ktor\u00e9 sa javia ako nov\u00e9 a v kontexte predch\u00e1dzaj\u00faceho stavu rozvoja spolo\u010dnosti nepoznan\u00e9. Vytv\u00e1raj\u00fa sa nielen v d\u00f4sledku dynamiky spolo\u010dnosti samotnej, \u00farovne vedeck\u00fdch a technologick\u00fdch poznatkov, ale aj v d\u00f4sledku modifik\u00e1cie hodnotov\u00e9ho nastavenia. Sleduj\u00fac samotn\u00fd [&hellip;]\" \/>\n<meta property=\"og:url\" content=\"https:\/\/bpf2025.flaw.uniba.sk\/en\/sekcia-obcianskeho-prava\/\" \/>\n<meta property=\"og:site_name\" content=\"BPF\" \/>\n<meta property=\"article:modified_time\" content=\"2025-07-03T07:25:55+00:00\" \/>\n<meta property=\"og:image\" content=\"https:\/\/bpf.flaw.uniba.sk\/wp-content\/uploads\/2025\/07\/3-LOGA-SPOLU_CUSEC-1-1024x206.png\" \/>\n<meta name=\"twitter:card\" content=\"summary_large_image\" \/>\n<meta name=\"twitter:label1\" content=\"Est. reading time\" \/>\n\t<meta name=\"twitter:data1\" content=\"2 minutes\" \/>\n<script type=\"application\/ld+json\" class=\"yoast-schema-graph\">{\"@context\":\"https:\/\/schema.org\",\"@graph\":[{\"@type\":\"WebPage\",\"@id\":\"https:\/\/bpf2025.flaw.uniba.sk\/sekcia-obcianskeho-prava\/\",\"url\":\"https:\/\/bpf2025.flaw.uniba.sk\/sekcia-obcianskeho-prava\/\",\"name\":\"Sekcia ob\u010dianskeho pr\u00e1va - BPF\",\"isPartOf\":{\"@id\":\"https:\/\/bpf2025.flaw.uniba.sk\/#website\"},\"primaryImageOfPage\":{\"@id\":\"https:\/\/bpf2025.flaw.uniba.sk\/sekcia-obcianskeho-prava\/#primaryimage\"},\"image\":{\"@id\":\"https:\/\/bpf2025.flaw.uniba.sk\/sekcia-obcianskeho-prava\/#primaryimage\"},\"thumbnailUrl\":\"https:\/\/bpf.flaw.uniba.sk\/wp-content\/uploads\/2025\/07\/3-LOGA-SPOLU_CUSEC-1-1024x206.png\",\"datePublished\":\"2021-03-17T12:24:39+00:00\",\"dateModified\":\"2025-07-03T07:25:55+00:00\",\"breadcrumb\":{\"@id\":\"https:\/\/bpf2025.flaw.uniba.sk\/sekcia-obcianskeho-prava\/#breadcrumb\"},\"inLanguage\":\"en-US\",\"potentialAction\":[{\"@type\":\"ReadAction\",\"target\":[\"https:\/\/bpf2025.flaw.uniba.sk\/sekcia-obcianskeho-prava\/\"]}]},{\"@type\":\"ImageObject\",\"inLanguage\":\"en-US\",\"@id\":\"https:\/\/bpf2025.flaw.uniba.sk\/sekcia-obcianskeho-prava\/#primaryimage\",\"url\":\"https:\/\/bpf.flaw.uniba.sk\/wp-content\/uploads\/2025\/07\/3-LOGA-SPOLU_CUSEC-1-1024x206.png\",\"contentUrl\":\"https:\/\/bpf.flaw.uniba.sk\/wp-content\/uploads\/2025\/07\/3-LOGA-SPOLU_CUSEC-1-1024x206.png\"},{\"@type\":\"BreadcrumbList\",\"@id\":\"https:\/\/bpf2025.flaw.uniba.sk\/sekcia-obcianskeho-prava\/#breadcrumb\",\"itemListElement\":[{\"@type\":\"ListItem\",\"position\":1,\"name\":\"Home\",\"item\":\"https:\/\/bpf2025.flaw.uniba.sk\/\"},{\"@type\":\"ListItem\",\"position\":2,\"name\":\"Sekcia ob\u010dianskeho pr\u00e1va\"}]},{\"@type\":\"WebSite\",\"@id\":\"https:\/\/bpf2025.flaw.uniba.sk\/#website\",\"url\":\"https:\/\/bpf2025.flaw.uniba.sk\/\",\"name\":\"BPF\",\"description\":\"\",\"publisher\":{\"@id\":\"https:\/\/bpf2025.flaw.uniba.sk\/#organization\"},\"potentialAction\":[{\"@type\":\"SearchAction\",\"target\":{\"@type\":\"EntryPoint\",\"urlTemplate\":\"https:\/\/bpf2025.flaw.uniba.sk\/?s={search_term_string}\"},\"query-input\":{\"@type\":\"PropertyValueSpecification\",\"valueRequired\":true,\"valueName\":\"search_term_string\"}}],\"inLanguage\":\"en-US\"},{\"@type\":\"Organization\",\"@id\":\"https:\/\/bpf2025.flaw.uniba.sk\/#organization\",\"name\":\"BPF\",\"url\":\"https:\/\/bpf2025.flaw.uniba.sk\/\",\"logo\":{\"@type\":\"ImageObject\",\"inLanguage\":\"en-US\",\"@id\":\"https:\/\/bpf2025.flaw.uniba.sk\/#\/schema\/logo\/image\/\",\"url\":\"https:\/\/bpf2025.flaw.uniba.sk\/wp-content\/uploads\/2025\/01\/LOGO-SJ-biela.png\",\"contentUrl\":\"https:\/\/bpf2025.flaw.uniba.sk\/wp-content\/uploads\/2025\/01\/LOGO-SJ-biela.png\",\"width\":3151,\"height\":1062,\"caption\":\"BPF\"},\"image\":{\"@id\":\"https:\/\/bpf2025.flaw.uniba.sk\/#\/schema\/logo\/image\/\"}}]}<\/script>\n<!-- \/ Yoast SEO plugin. -->","yoast_head_json":{"title":"Sekcia ob\u010dianskeho pr\u00e1va - BPF","robots":{"index":"index","follow":"follow","max-snippet":"max-snippet:-1","max-image-preview":"max-image-preview:large","max-video-preview":"max-video-preview:-1"},"canonical":"https:\/\/bpf2025.flaw.uniba.sk\/en\/sekcia-obcianskeho-prava\/","og_locale":"en_US","og_type":"article","og_title":"Sekcia ob\u010dianskeho pr\u00e1va - BPF","og_description":"Aktu\u00e1lne v\u00fdzvy a limity civiln\u00e9ho pr\u00e1va v&nbsp;s\u00favislosti s&nbsp;n\u00e1stupom umelej inteligencie Modern\u00e1 doba \u00fazko s\u00favis\u00ed aj s turbulentn\u00fdm rozvojom spolo\u010densk\u00fdch vz\u0165ahov, ktor\u00e9 sa javia ako nov\u00e9 a v kontexte predch\u00e1dzaj\u00faceho stavu rozvoja spolo\u010dnosti nepoznan\u00e9. Vytv\u00e1raj\u00fa sa nielen v d\u00f4sledku dynamiky spolo\u010dnosti samotnej, \u00farovne vedeck\u00fdch a technologick\u00fdch poznatkov, ale aj v d\u00f4sledku modifik\u00e1cie hodnotov\u00e9ho nastavenia. Sleduj\u00fac samotn\u00fd [&hellip;]","og_url":"https:\/\/bpf2025.flaw.uniba.sk\/en\/sekcia-obcianskeho-prava\/","og_site_name":"BPF","article_modified_time":"2025-07-03T07:25:55+00:00","og_image":[{"url":"https:\/\/bpf.flaw.uniba.sk\/wp-content\/uploads\/2025\/07\/3-LOGA-SPOLU_CUSEC-1-1024x206.png","type":"","width":"","height":""}],"twitter_card":"summary_large_image","twitter_misc":{"Est. reading time":"2 minutes"},"schema":{"@context":"https:\/\/schema.org","@graph":[{"@type":"WebPage","@id":"https:\/\/bpf2025.flaw.uniba.sk\/sekcia-obcianskeho-prava\/","url":"https:\/\/bpf2025.flaw.uniba.sk\/sekcia-obcianskeho-prava\/","name":"Sekcia ob\u010dianskeho pr\u00e1va - BPF","isPartOf":{"@id":"https:\/\/bpf2025.flaw.uniba.sk\/#website"},"primaryImageOfPage":{"@id":"https:\/\/bpf2025.flaw.uniba.sk\/sekcia-obcianskeho-prava\/#primaryimage"},"image":{"@id":"https:\/\/bpf2025.flaw.uniba.sk\/sekcia-obcianskeho-prava\/#primaryimage"},"thumbnailUrl":"https:\/\/bpf.flaw.uniba.sk\/wp-content\/uploads\/2025\/07\/3-LOGA-SPOLU_CUSEC-1-1024x206.png","datePublished":"2021-03-17T12:24:39+00:00","dateModified":"2025-07-03T07:25:55+00:00","breadcrumb":{"@id":"https:\/\/bpf2025.flaw.uniba.sk\/sekcia-obcianskeho-prava\/#breadcrumb"},"inLanguage":"en-US","potentialAction":[{"@type":"ReadAction","target":["https:\/\/bpf2025.flaw.uniba.sk\/sekcia-obcianskeho-prava\/"]}]},{"@type":"ImageObject","inLanguage":"en-US","@id":"https:\/\/bpf2025.flaw.uniba.sk\/sekcia-obcianskeho-prava\/#primaryimage","url":"https:\/\/bpf.flaw.uniba.sk\/wp-content\/uploads\/2025\/07\/3-LOGA-SPOLU_CUSEC-1-1024x206.png","contentUrl":"https:\/\/bpf.flaw.uniba.sk\/wp-content\/uploads\/2025\/07\/3-LOGA-SPOLU_CUSEC-1-1024x206.png"},{"@type":"BreadcrumbList","@id":"https:\/\/bpf2025.flaw.uniba.sk\/sekcia-obcianskeho-prava\/#breadcrumb","itemListElement":[{"@type":"ListItem","position":1,"name":"Home","item":"https:\/\/bpf2025.flaw.uniba.sk\/"},{"@type":"ListItem","position":2,"name":"Sekcia ob\u010dianskeho pr\u00e1va"}]},{"@type":"WebSite","@id":"https:\/\/bpf2025.flaw.uniba.sk\/#website","url":"https:\/\/bpf2025.flaw.uniba.sk\/","name":"BLF","description":"","publisher":{"@id":"https:\/\/bpf2025.flaw.uniba.sk\/#organization"},"potentialAction":[{"@type":"SearchAction","target":{"@type":"EntryPoint","urlTemplate":"https:\/\/bpf2025.flaw.uniba.sk\/?s={search_term_string}"},"query-input":{"@type":"PropertyValueSpecification","valueRequired":true,"valueName":"search_term_string"}}],"inLanguage":"en-US"},{"@type":"Organization","@id":"https:\/\/bpf2025.flaw.uniba.sk\/#organization","name":"BLF","url":"https:\/\/bpf2025.flaw.uniba.sk\/","logo":{"@type":"ImageObject","inLanguage":"en-US","@id":"https:\/\/bpf2025.flaw.uniba.sk\/#\/schema\/logo\/image\/","url":"https:\/\/bpf2025.flaw.uniba.sk\/wp-content\/uploads\/2025\/01\/LOGO-SJ-biela.png","contentUrl":"https:\/\/bpf2025.flaw.uniba.sk\/wp-content\/uploads\/2025\/01\/LOGO-SJ-biela.png","width":3151,"height":1062,"caption":"BPF"},"image":{"@id":"https:\/\/bpf2025.flaw.uniba.sk\/#\/schema\/logo\/image\/"}}]}},"_links":{"self":[{"href":"https:\/\/bpf2025.flaw.uniba.sk\/en\/wp-json\/wp\/v2\/pages\/394","targetHints":{"allow":["GET"]}}],"collection":[{"href":"https:\/\/bpf2025.flaw.uniba.sk\/en\/wp-json\/wp\/v2\/pages"}],"about":[{"href":"https:\/\/bpf2025.flaw.uniba.sk\/en\/wp-json\/wp\/v2\/types\/page"}],"author":[{"embeddable":true,"href":"https:\/\/bpf2025.flaw.uniba.sk\/en\/wp-json\/wp\/v2\/users\/2"}],"replies":[{"embeddable":true,"href":"https:\/\/bpf2025.flaw.uniba.sk\/en\/wp-json\/wp\/v2\/comments?post=394"}],"version-history":[{"count":10,"href":"https:\/\/bpf2025.flaw.uniba.sk\/en\/wp-json\/wp\/v2\/pages\/394\/revisions"}],"predecessor-version":[{"id":2302,"href":"https:\/\/bpf2025.flaw.uniba.sk\/en\/wp-json\/wp\/v2\/pages\/394\/revisions\/2302"}],"wp:attachment":[{"href":"https:\/\/bpf2025.flaw.uniba.sk\/en\/wp-json\/wp\/v2\/media?parent=394"}],"curies":[{"name":"wp","href":"https:\/\/api.w.org\/{rel}","templated":true}]}}