{"id":379,"date":"2021-03-17T13:21:18","date_gmt":"2021-03-17T12:21:18","guid":{"rendered":"https:\/\/bpf.flaw.uniba.sk\/?page_id=379"},"modified":"2025-08-13T11:28:56","modified_gmt":"2025-08-13T09:28:56","slug":"sekcia-financneho-prava","status":"publish","type":"page","link":"https:\/\/bpf2025.flaw.uniba.sk\/en\/sekcia-financneho-prava\/","title":{"rendered":"Financial Law section"},"content":{"rendered":"<figure class=\"wp-block-image size-large\"><img fetchpriority=\"high\" decoding=\"async\" width=\"1024\" height=\"520\" src=\"https:\/\/bpf.flaw.uniba.sk\/wp-content\/uploads\/2025\/07\/logo_V4-Fund-4-1024x520.png\" alt=\"\" class=\"wp-image-2305\" srcset=\"https:\/\/bpf2025.flaw.uniba.sk\/wp-content\/uploads\/2025\/07\/logo_V4-Fund-4-1024x520.png 1024w, https:\/\/bpf2025.flaw.uniba.sk\/wp-content\/uploads\/2025\/07\/logo_V4-Fund-4-300x152.png 300w, https:\/\/bpf2025.flaw.uniba.sk\/wp-content\/uploads\/2025\/07\/logo_V4-Fund-4-768x390.png 768w, https:\/\/bpf2025.flaw.uniba.sk\/wp-content\/uploads\/2025\/07\/logo_V4-Fund-4-18x9.png 18w, https:\/\/bpf2025.flaw.uniba.sk\/wp-content\/uploads\/2025\/07\/logo_V4-Fund-4-1200x610.png 1200w, https:\/\/bpf2025.flaw.uniba.sk\/wp-content\/uploads\/2025\/07\/logo_V4-Fund-4.png 1240w\" sizes=\"(max-width: 1024px) 100vw, 1024px\" \/><\/figure>\n\n\n\n<h2 class=\"wp-block-heading alignwide has-text-align-center\">Financial Market Law and Tax Law in the Context of Digitalisation and Cybersecurity<\/h2>\n\n\n\n<p class=\"has-drop-cap\">Digitalization is currently fundamentally affecting the legal frameworks of financial markets and tax law, raising new questions in the areas of transparency, security and data protection. At the Bratislava Legal Forum 2025, we will discuss the legal impacts of digitalization, regulation and control of the digital environment. The aim is to identify best practices and legislative approaches to ensure security.<\/p>\n\n\n\n<p class=\"has-drop-cap\">The section will also include a subsection on financing of local government implemented within the framework of the project APVV-22-0482 Financing of local government - the potential of functional microregions. We welcome contributions in the area of financing of local government, fiscal decentralization, increasing the efficiency of local government, or adjusting competencies, especially in relation to funding sources.<\/p>\n\n\n\n<p><strong>Guarantors of the section:<\/strong><\/p>\n\n\n\n<p>doc. JUDr. Simona Hesekov\u00e1, PhD.<\/p>\n\n\n\n<p>doc. JUDr. Yana Daudrikh, PhD.<\/p>\n\n\n\n<p><\/p>\n\n\n\n<p><em>The section is organized within the project APVV-22-0482 Financing of Local Government \u2013 The Potential of Functional Microregions.<\/em><\/p>","protected":false},"excerpt":{"rendered":"<p>Pr\u00e1vo finan\u010dn\u00e9ho trhu a da\u0148ov\u00e9 pr\u00e1vo v kontexte digitaliz\u00e1cie a kybernetickej bezpe\u010dnosti Digitaliz\u00e1cia v\u00a0s\u00fa\u010dasnosti z\u00e1sadne ovplyv\u0148uje pr\u00e1vne r\u00e1mce finan\u010dn\u00fdch trhov a\u00a0da\u0148ov\u00e9ho pr\u00e1va, pri\u010dom vznikaj\u00fa nov\u00e9 ot\u00e1zky v\u00a0oblasti transparentnosti, bezpe\u010dnosti a\u00a0ochrany \u00fadajov. Na konferencii Bratislavsk\u00e9 pr\u00e1vnick\u00e9 f\u00f3rum\u00a02025\u00a0sa porozpr\u00e1vame o\u00a0pr\u00e1vnych\u00a0dopadoch\u00a0digitaliz\u00e1cie,\u00a0regul\u00e1cie a\u00a0kontroly\u00a0digit\u00e1lneho prostredia. Z\u00e1merom je identifikova\u0165 najlep\u0161ie postupy a\u00a0legislat\u00edvne pr\u00edstupy na zabezpe\u010denie bezpe\u010dnosti. S\u00fa\u010das\u0165ou sekcie bude aj podsekcia [&hellip;]<\/p>\n","protected":false},"author":2,"featured_media":0,"parent":0,"menu_order":0,"comment_status":"closed","ping_status":"closed","template":"","meta":{"ngg_post_thumbnail":0,"footnotes":""},"class_list":["post-379","page","type-page","status-publish","hentry"],"yoast_head":"<!-- This site is optimized with the Yoast SEO plugin v27.2 - https:\/\/yoast.com\/product\/yoast-seo-wordpress\/ -->\n<title>Sekcia finan\u010dn\u00e9ho pr\u00e1va - BPF<\/title>\n<meta name=\"robots\" content=\"index, follow, max-snippet:-1, max-image-preview:large, max-video-preview:-1\" \/>\n<link rel=\"canonical\" href=\"https:\/\/bpf2025.flaw.uniba.sk\/en\/sekcia-financneho-prava\/\" \/>\n<meta property=\"og:locale\" content=\"en_US\" \/>\n<meta property=\"og:type\" content=\"article\" \/>\n<meta property=\"og:title\" content=\"Sekcia finan\u010dn\u00e9ho pr\u00e1va - BPF\" \/>\n<meta property=\"og:description\" content=\"Pr\u00e1vo finan\u010dn\u00e9ho trhu a da\u0148ov\u00e9 pr\u00e1vo v kontexte digitaliz\u00e1cie a kybernetickej bezpe\u010dnosti Digitaliz\u00e1cia v\u00a0s\u00fa\u010dasnosti z\u00e1sadne ovplyv\u0148uje pr\u00e1vne r\u00e1mce finan\u010dn\u00fdch trhov a\u00a0da\u0148ov\u00e9ho pr\u00e1va, pri\u010dom vznikaj\u00fa nov\u00e9 ot\u00e1zky v\u00a0oblasti transparentnosti, bezpe\u010dnosti a\u00a0ochrany \u00fadajov. Na konferencii Bratislavsk\u00e9 pr\u00e1vnick\u00e9 f\u00f3rum\u00a02025\u00a0sa porozpr\u00e1vame o\u00a0pr\u00e1vnych\u00a0dopadoch\u00a0digitaliz\u00e1cie,\u00a0regul\u00e1cie a\u00a0kontroly\u00a0digit\u00e1lneho prostredia. Z\u00e1merom je identifikova\u0165 najlep\u0161ie postupy a\u00a0legislat\u00edvne pr\u00edstupy na zabezpe\u010denie bezpe\u010dnosti. S\u00fa\u010das\u0165ou sekcie bude aj podsekcia [&hellip;]\" \/>\n<meta property=\"og:url\" content=\"https:\/\/bpf2025.flaw.uniba.sk\/en\/sekcia-financneho-prava\/\" \/>\n<meta property=\"og:site_name\" content=\"BPF\" \/>\n<meta property=\"article:modified_time\" content=\"2025-08-13T09:28:56+00:00\" \/>\n<meta property=\"og:image\" content=\"https:\/\/bpf.flaw.uniba.sk\/wp-content\/uploads\/2025\/07\/logo_V4-Fund-4-1024x520.png\" \/>\n<meta name=\"twitter:card\" content=\"summary_large_image\" \/>\n<meta name=\"twitter:label1\" content=\"Est. reading time\" \/>\n\t<meta name=\"twitter:data1\" content=\"1 minute\" \/>\n<script type=\"application\/ld+json\" class=\"yoast-schema-graph\">{\"@context\":\"https:\/\/schema.org\",\"@graph\":[{\"@type\":\"WebPage\",\"@id\":\"https:\/\/bpf2025.flaw.uniba.sk\/sekcia-financneho-prava\/\",\"url\":\"https:\/\/bpf2025.flaw.uniba.sk\/sekcia-financneho-prava\/\",\"name\":\"Sekcia finan\u010dn\u00e9ho pr\u00e1va - BPF\",\"isPartOf\":{\"@id\":\"https:\/\/bpf2025.flaw.uniba.sk\/#website\"},\"primaryImageOfPage\":{\"@id\":\"https:\/\/bpf2025.flaw.uniba.sk\/sekcia-financneho-prava\/#primaryimage\"},\"image\":{\"@id\":\"https:\/\/bpf2025.flaw.uniba.sk\/sekcia-financneho-prava\/#primaryimage\"},\"thumbnailUrl\":\"https:\/\/bpf.flaw.uniba.sk\/wp-content\/uploads\/2025\/07\/logo_V4-Fund-4-1024x520.png\",\"datePublished\":\"2021-03-17T12:21:18+00:00\",\"dateModified\":\"2025-08-13T09:28:56+00:00\",\"breadcrumb\":{\"@id\":\"https:\/\/bpf2025.flaw.uniba.sk\/sekcia-financneho-prava\/#breadcrumb\"},\"inLanguage\":\"en-US\",\"potentialAction\":[{\"@type\":\"ReadAction\",\"target\":[\"https:\/\/bpf2025.flaw.uniba.sk\/sekcia-financneho-prava\/\"]}]},{\"@type\":\"ImageObject\",\"inLanguage\":\"en-US\",\"@id\":\"https:\/\/bpf2025.flaw.uniba.sk\/sekcia-financneho-prava\/#primaryimage\",\"url\":\"https:\/\/bpf.flaw.uniba.sk\/wp-content\/uploads\/2025\/07\/logo_V4-Fund-4-1024x520.png\",\"contentUrl\":\"https:\/\/bpf.flaw.uniba.sk\/wp-content\/uploads\/2025\/07\/logo_V4-Fund-4-1024x520.png\"},{\"@type\":\"BreadcrumbList\",\"@id\":\"https:\/\/bpf2025.flaw.uniba.sk\/sekcia-financneho-prava\/#breadcrumb\",\"itemListElement\":[{\"@type\":\"ListItem\",\"position\":1,\"name\":\"Home\",\"item\":\"https:\/\/bpf2025.flaw.uniba.sk\/\"},{\"@type\":\"ListItem\",\"position\":2,\"name\":\"Sekcia finan\u010dn\u00e9ho pr\u00e1va\"}]},{\"@type\":\"WebSite\",\"@id\":\"https:\/\/bpf2025.flaw.uniba.sk\/#website\",\"url\":\"https:\/\/bpf2025.flaw.uniba.sk\/\",\"name\":\"BPF\",\"description\":\"\",\"publisher\":{\"@id\":\"https:\/\/bpf2025.flaw.uniba.sk\/#organization\"},\"potentialAction\":[{\"@type\":\"SearchAction\",\"target\":{\"@type\":\"EntryPoint\",\"urlTemplate\":\"https:\/\/bpf2025.flaw.uniba.sk\/?s={search_term_string}\"},\"query-input\":{\"@type\":\"PropertyValueSpecification\",\"valueRequired\":true,\"valueName\":\"search_term_string\"}}],\"inLanguage\":\"en-US\"},{\"@type\":\"Organization\",\"@id\":\"https:\/\/bpf2025.flaw.uniba.sk\/#organization\",\"name\":\"BPF\",\"url\":\"https:\/\/bpf2025.flaw.uniba.sk\/\",\"logo\":{\"@type\":\"ImageObject\",\"inLanguage\":\"en-US\",\"@id\":\"https:\/\/bpf2025.flaw.uniba.sk\/#\/schema\/logo\/image\/\",\"url\":\"https:\/\/bpf2025.flaw.uniba.sk\/wp-content\/uploads\/2025\/01\/LOGO-SJ-biela.png\",\"contentUrl\":\"https:\/\/bpf2025.flaw.uniba.sk\/wp-content\/uploads\/2025\/01\/LOGO-SJ-biela.png\",\"width\":3151,\"height\":1062,\"caption\":\"BPF\"},\"image\":{\"@id\":\"https:\/\/bpf2025.flaw.uniba.sk\/#\/schema\/logo\/image\/\"}}]}<\/script>\n<!-- \/ Yoast SEO plugin. -->","yoast_head_json":{"title":"Sekcia finan\u010dn\u00e9ho pr\u00e1va - BPF","robots":{"index":"index","follow":"follow","max-snippet":"max-snippet:-1","max-image-preview":"max-image-preview:large","max-video-preview":"max-video-preview:-1"},"canonical":"https:\/\/bpf2025.flaw.uniba.sk\/en\/sekcia-financneho-prava\/","og_locale":"en_US","og_type":"article","og_title":"Sekcia finan\u010dn\u00e9ho pr\u00e1va - BPF","og_description":"Pr\u00e1vo finan\u010dn\u00e9ho trhu a da\u0148ov\u00e9 pr\u00e1vo v kontexte digitaliz\u00e1cie a kybernetickej bezpe\u010dnosti Digitaliz\u00e1cia v\u00a0s\u00fa\u010dasnosti z\u00e1sadne ovplyv\u0148uje pr\u00e1vne r\u00e1mce finan\u010dn\u00fdch trhov a\u00a0da\u0148ov\u00e9ho pr\u00e1va, pri\u010dom vznikaj\u00fa nov\u00e9 ot\u00e1zky v\u00a0oblasti transparentnosti, bezpe\u010dnosti a\u00a0ochrany \u00fadajov. Na konferencii Bratislavsk\u00e9 pr\u00e1vnick\u00e9 f\u00f3rum\u00a02025\u00a0sa porozpr\u00e1vame o\u00a0pr\u00e1vnych\u00a0dopadoch\u00a0digitaliz\u00e1cie,\u00a0regul\u00e1cie a\u00a0kontroly\u00a0digit\u00e1lneho prostredia. Z\u00e1merom je identifikova\u0165 najlep\u0161ie postupy a\u00a0legislat\u00edvne pr\u00edstupy na zabezpe\u010denie bezpe\u010dnosti. S\u00fa\u010das\u0165ou sekcie bude aj podsekcia [&hellip;]","og_url":"https:\/\/bpf2025.flaw.uniba.sk\/en\/sekcia-financneho-prava\/","og_site_name":"BPF","article_modified_time":"2025-08-13T09:28:56+00:00","og_image":[{"url":"https:\/\/bpf.flaw.uniba.sk\/wp-content\/uploads\/2025\/07\/logo_V4-Fund-4-1024x520.png","type":"","width":"","height":""}],"twitter_card":"summary_large_image","twitter_misc":{"Est. reading time":"1 minute"},"schema":{"@context":"https:\/\/schema.org","@graph":[{"@type":"WebPage","@id":"https:\/\/bpf2025.flaw.uniba.sk\/sekcia-financneho-prava\/","url":"https:\/\/bpf2025.flaw.uniba.sk\/sekcia-financneho-prava\/","name":"Sekcia finan\u010dn\u00e9ho pr\u00e1va - BPF","isPartOf":{"@id":"https:\/\/bpf2025.flaw.uniba.sk\/#website"},"primaryImageOfPage":{"@id":"https:\/\/bpf2025.flaw.uniba.sk\/sekcia-financneho-prava\/#primaryimage"},"image":{"@id":"https:\/\/bpf2025.flaw.uniba.sk\/sekcia-financneho-prava\/#primaryimage"},"thumbnailUrl":"https:\/\/bpf.flaw.uniba.sk\/wp-content\/uploads\/2025\/07\/logo_V4-Fund-4-1024x520.png","datePublished":"2021-03-17T12:21:18+00:00","dateModified":"2025-08-13T09:28:56+00:00","breadcrumb":{"@id":"https:\/\/bpf2025.flaw.uniba.sk\/sekcia-financneho-prava\/#breadcrumb"},"inLanguage":"en-US","potentialAction":[{"@type":"ReadAction","target":["https:\/\/bpf2025.flaw.uniba.sk\/sekcia-financneho-prava\/"]}]},{"@type":"ImageObject","inLanguage":"en-US","@id":"https:\/\/bpf2025.flaw.uniba.sk\/sekcia-financneho-prava\/#primaryimage","url":"https:\/\/bpf.flaw.uniba.sk\/wp-content\/uploads\/2025\/07\/logo_V4-Fund-4-1024x520.png","contentUrl":"https:\/\/bpf.flaw.uniba.sk\/wp-content\/uploads\/2025\/07\/logo_V4-Fund-4-1024x520.png"},{"@type":"BreadcrumbList","@id":"https:\/\/bpf2025.flaw.uniba.sk\/sekcia-financneho-prava\/#breadcrumb","itemListElement":[{"@type":"ListItem","position":1,"name":"Home","item":"https:\/\/bpf2025.flaw.uniba.sk\/"},{"@type":"ListItem","position":2,"name":"Sekcia finan\u010dn\u00e9ho pr\u00e1va"}]},{"@type":"WebSite","@id":"https:\/\/bpf2025.flaw.uniba.sk\/#website","url":"https:\/\/bpf2025.flaw.uniba.sk\/","name":"BLF","description":"","publisher":{"@id":"https:\/\/bpf2025.flaw.uniba.sk\/#organization"},"potentialAction":[{"@type":"SearchAction","target":{"@type":"EntryPoint","urlTemplate":"https:\/\/bpf2025.flaw.uniba.sk\/?s={search_term_string}"},"query-input":{"@type":"PropertyValueSpecification","valueRequired":true,"valueName":"search_term_string"}}],"inLanguage":"en-US"},{"@type":"Organization","@id":"https:\/\/bpf2025.flaw.uniba.sk\/#organization","name":"BLF","url":"https:\/\/bpf2025.flaw.uniba.sk\/","logo":{"@type":"ImageObject","inLanguage":"en-US","@id":"https:\/\/bpf2025.flaw.uniba.sk\/#\/schema\/logo\/image\/","url":"https:\/\/bpf2025.flaw.uniba.sk\/wp-content\/uploads\/2025\/01\/LOGO-SJ-biela.png","contentUrl":"https:\/\/bpf2025.flaw.uniba.sk\/wp-content\/uploads\/2025\/01\/LOGO-SJ-biela.png","width":3151,"height":1062,"caption":"BPF"},"image":{"@id":"https:\/\/bpf2025.flaw.uniba.sk\/#\/schema\/logo\/image\/"}}]}},"_links":{"self":[{"href":"https:\/\/bpf2025.flaw.uniba.sk\/en\/wp-json\/wp\/v2\/pages\/379","targetHints":{"allow":["GET"]}}],"collection":[{"href":"https:\/\/bpf2025.flaw.uniba.sk\/en\/wp-json\/wp\/v2\/pages"}],"about":[{"href":"https:\/\/bpf2025.flaw.uniba.sk\/en\/wp-json\/wp\/v2\/types\/page"}],"author":[{"embeddable":true,"href":"https:\/\/bpf2025.flaw.uniba.sk\/en\/wp-json\/wp\/v2\/users\/2"}],"replies":[{"embeddable":true,"href":"https:\/\/bpf2025.flaw.uniba.sk\/en\/wp-json\/wp\/v2\/comments?post=379"}],"version-history":[{"count":9,"href":"https:\/\/bpf2025.flaw.uniba.sk\/en\/wp-json\/wp\/v2\/pages\/379\/revisions"}],"predecessor-version":[{"id":2394,"href":"https:\/\/bpf2025.flaw.uniba.sk\/en\/wp-json\/wp\/v2\/pages\/379\/revisions\/2394"}],"wp:attachment":[{"href":"https:\/\/bpf2025.flaw.uniba.sk\/en\/wp-json\/wp\/v2\/media?parent=379"}],"curies":[{"name":"wp","href":"https:\/\/api.w.org\/{rel}","templated":true}]}}