{"id":354,"date":"2021-03-17T13:15:42","date_gmt":"2021-03-17T12:15:42","guid":{"rendered":"https:\/\/bpf.flaw.uniba.sk\/?page_id=354"},"modified":"2024-05-14T13:58:59","modified_gmt":"2024-05-14T11:58:59","slug":"sekcia-medzinarodneho-prava-a-medzinarodnych-vztahov","status":"publish","type":"page","link":"https:\/\/bpf2025.flaw.uniba.sk\/en\/sekcia-medzinarodneho-prava-a-medzinarodnych-vztahov\/","title":{"rendered":"International Law and International Relations Section"},"content":{"rendered":"<h2 class=\"wp-block-heading alignwide has-text-align-center\">Rule of Law as a Value Common to all Member States and its Impact to National Law and International Law<\/h2>\n\n\n\n<p><\/p>\n\n\n\n<p class=\"has-drop-cap\">The ambition of the section is to pay attention to one of the basic values of the EU and its influence on the form of national legal systems as well as the international legal obligations of EU member states.<\/p>\n\n\n\n<p><\/p>\n\n\n\n<p><strong>Guarantors of the section:<\/strong><\/p>\n\n\n\n<p>prof. JUDr. J\u00e1n Sv\u00e1k, DrSc.<\/p>\n\n\n\n<p>prof. JUDr. PhDr. Miroslav Sla\u0161\u0165an, PhD.<\/p>\n\n\n\n<p>doc. JUDr. Peter Lysina, PhD.<\/p>","protected":false},"excerpt":{"rendered":"<p>Pr\u00e1vny \u0161t\u00e1t ako hodnota spolo\u010dn\u00e1 v\u0161etk\u00fdm \u010dlensk\u00fdm \u0161t\u00e1tom a jej vplyv na pr\u00e1vne poriadky a medzin\u00e1rodn\u00e9 pr\u00e1vo Amb\u00edciou sekcie je venova\u0165 pozornos\u0165 jednej zo z\u00e1kladn\u00fdch hodn\u00f4t E\u00da a jej vplyvu na podobu n\u00e1rodn\u00fdch pr\u00e1vnych poriadkov ako aj medzin\u00e1rodnopr\u00e1vnych z\u00e1v\u00e4zkov \u010dlensk\u00fdch \u0161t\u00e1tov Eur\u00f3pskej \u00fanie. Garanti sekcie: prof. JUDr. J\u00e1n Sv\u00e1k, DrSc. prof. JUDr. PhDr. Miroslav Sla\u0161\u0165an, [&hellip;]<\/p>\n","protected":false},"author":2,"featured_media":0,"parent":0,"menu_order":0,"comment_status":"closed","ping_status":"closed","template":"","meta":{"ngg_post_thumbnail":0,"footnotes":""},"class_list":["post-354","page","type-page","status-publish","hentry"],"yoast_head":"<!-- This site is optimized with the Yoast SEO plugin v27.2 - https:\/\/yoast.com\/product\/yoast-seo-wordpress\/ -->\n<title>Sekcia medzin\u00e1rodn\u00e9ho pr\u00e1va a medzin\u00e1rodn\u00fdch vz\u0165ahov - BPF<\/title>\n<meta name=\"robots\" content=\"index, follow, max-snippet:-1, max-image-preview:large, max-video-preview:-1\" \/>\n<link rel=\"canonical\" href=\"https:\/\/bpf2025.flaw.uniba.sk\/en\/sekcia-medzinarodneho-prava-a-medzinarodnych-vztahov\/\" \/>\n<meta property=\"og:locale\" content=\"en_US\" \/>\n<meta property=\"og:type\" content=\"article\" \/>\n<meta property=\"og:title\" content=\"Sekcia medzin\u00e1rodn\u00e9ho pr\u00e1va a medzin\u00e1rodn\u00fdch vz\u0165ahov - BPF\" \/>\n<meta property=\"og:description\" content=\"Pr\u00e1vny \u0161t\u00e1t ako hodnota spolo\u010dn\u00e1 v\u0161etk\u00fdm \u010dlensk\u00fdm \u0161t\u00e1tom a jej vplyv na pr\u00e1vne poriadky a medzin\u00e1rodn\u00e9 pr\u00e1vo Amb\u00edciou sekcie je venova\u0165 pozornos\u0165 jednej zo z\u00e1kladn\u00fdch hodn\u00f4t E\u00da a jej vplyvu na podobu n\u00e1rodn\u00fdch pr\u00e1vnych poriadkov ako aj medzin\u00e1rodnopr\u00e1vnych z\u00e1v\u00e4zkov \u010dlensk\u00fdch \u0161t\u00e1tov Eur\u00f3pskej \u00fanie. Garanti sekcie: prof. JUDr. J\u00e1n Sv\u00e1k, DrSc. prof. JUDr. PhDr. Miroslav Sla\u0161\u0165an, [&hellip;]\" \/>\n<meta property=\"og:url\" content=\"https:\/\/bpf2025.flaw.uniba.sk\/en\/sekcia-medzinarodneho-prava-a-medzinarodnych-vztahov\/\" \/>\n<meta property=\"og:site_name\" content=\"BPF\" \/>\n<meta property=\"article:modified_time\" content=\"2024-05-14T11:58:59+00:00\" \/>\n<meta name=\"twitter:card\" content=\"summary_large_image\" \/>\n<meta name=\"twitter:label1\" content=\"Est. reading time\" \/>\n\t<meta name=\"twitter:data1\" content=\"1 minute\" \/>\n<script type=\"application\/ld+json\" class=\"yoast-schema-graph\">{\"@context\":\"https:\/\/schema.org\",\"@graph\":[{\"@type\":\"WebPage\",\"@id\":\"https:\/\/bpf2025.flaw.uniba.sk\/sekcia-medzinarodneho-prava-a-medzinarodnych-vztahov\/\",\"url\":\"https:\/\/bpf2025.flaw.uniba.sk\/sekcia-medzinarodneho-prava-a-medzinarodnych-vztahov\/\",\"name\":\"Sekcia medzin\u00e1rodn\u00e9ho pr\u00e1va a medzin\u00e1rodn\u00fdch vz\u0165ahov - BPF\",\"isPartOf\":{\"@id\":\"https:\/\/bpf2025.flaw.uniba.sk\/#website\"},\"datePublished\":\"2021-03-17T12:15:42+00:00\",\"dateModified\":\"2024-05-14T11:58:59+00:00\",\"breadcrumb\":{\"@id\":\"https:\/\/bpf2025.flaw.uniba.sk\/sekcia-medzinarodneho-prava-a-medzinarodnych-vztahov\/#breadcrumb\"},\"inLanguage\":\"en-US\",\"potentialAction\":[{\"@type\":\"ReadAction\",\"target\":[\"https:\/\/bpf2025.flaw.uniba.sk\/sekcia-medzinarodneho-prava-a-medzinarodnych-vztahov\/\"]}]},{\"@type\":\"BreadcrumbList\",\"@id\":\"https:\/\/bpf2025.flaw.uniba.sk\/sekcia-medzinarodneho-prava-a-medzinarodnych-vztahov\/#breadcrumb\",\"itemListElement\":[{\"@type\":\"ListItem\",\"position\":1,\"name\":\"Home\",\"item\":\"https:\/\/bpf2025.flaw.uniba.sk\/\"},{\"@type\":\"ListItem\",\"position\":2,\"name\":\"Sekcia medzin\u00e1rodn\u00e9ho pr\u00e1va a medzin\u00e1rodn\u00fdch vz\u0165ahov\"}]},{\"@type\":\"WebSite\",\"@id\":\"https:\/\/bpf2025.flaw.uniba.sk\/#website\",\"url\":\"https:\/\/bpf2025.flaw.uniba.sk\/\",\"name\":\"BPF\",\"description\":\"\",\"publisher\":{\"@id\":\"https:\/\/bpf2025.flaw.uniba.sk\/#organization\"},\"potentialAction\":[{\"@type\":\"SearchAction\",\"target\":{\"@type\":\"EntryPoint\",\"urlTemplate\":\"https:\/\/bpf2025.flaw.uniba.sk\/?s={search_term_string}\"},\"query-input\":{\"@type\":\"PropertyValueSpecification\",\"valueRequired\":true,\"valueName\":\"search_term_string\"}}],\"inLanguage\":\"en-US\"},{\"@type\":\"Organization\",\"@id\":\"https:\/\/bpf2025.flaw.uniba.sk\/#organization\",\"name\":\"BPF\",\"url\":\"https:\/\/bpf2025.flaw.uniba.sk\/\",\"logo\":{\"@type\":\"ImageObject\",\"inLanguage\":\"en-US\",\"@id\":\"https:\/\/bpf2025.flaw.uniba.sk\/#\/schema\/logo\/image\/\",\"url\":\"https:\/\/bpf2025.flaw.uniba.sk\/wp-content\/uploads\/2025\/01\/LOGO-SJ-biela.png\",\"contentUrl\":\"https:\/\/bpf2025.flaw.uniba.sk\/wp-content\/uploads\/2025\/01\/LOGO-SJ-biela.png\",\"width\":3151,\"height\":1062,\"caption\":\"BPF\"},\"image\":{\"@id\":\"https:\/\/bpf2025.flaw.uniba.sk\/#\/schema\/logo\/image\/\"}}]}<\/script>\n<!-- \/ Yoast SEO plugin. -->","yoast_head_json":{"title":"Sekcia medzin\u00e1rodn\u00e9ho pr\u00e1va a medzin\u00e1rodn\u00fdch vz\u0165ahov - BPF","robots":{"index":"index","follow":"follow","max-snippet":"max-snippet:-1","max-image-preview":"max-image-preview:large","max-video-preview":"max-video-preview:-1"},"canonical":"https:\/\/bpf2025.flaw.uniba.sk\/en\/sekcia-medzinarodneho-prava-a-medzinarodnych-vztahov\/","og_locale":"en_US","og_type":"article","og_title":"Sekcia medzin\u00e1rodn\u00e9ho pr\u00e1va a medzin\u00e1rodn\u00fdch vz\u0165ahov - BPF","og_description":"Pr\u00e1vny \u0161t\u00e1t ako hodnota spolo\u010dn\u00e1 v\u0161etk\u00fdm \u010dlensk\u00fdm \u0161t\u00e1tom a jej vplyv na pr\u00e1vne poriadky a medzin\u00e1rodn\u00e9 pr\u00e1vo Amb\u00edciou sekcie je venova\u0165 pozornos\u0165 jednej zo z\u00e1kladn\u00fdch hodn\u00f4t E\u00da a jej vplyvu na podobu n\u00e1rodn\u00fdch pr\u00e1vnych poriadkov ako aj medzin\u00e1rodnopr\u00e1vnych z\u00e1v\u00e4zkov \u010dlensk\u00fdch \u0161t\u00e1tov Eur\u00f3pskej \u00fanie. Garanti sekcie: prof. JUDr. J\u00e1n Sv\u00e1k, DrSc. prof. JUDr. PhDr. Miroslav Sla\u0161\u0165an, [&hellip;]","og_url":"https:\/\/bpf2025.flaw.uniba.sk\/en\/sekcia-medzinarodneho-prava-a-medzinarodnych-vztahov\/","og_site_name":"BPF","article_modified_time":"2024-05-14T11:58:59+00:00","twitter_card":"summary_large_image","twitter_misc":{"Est. reading time":"1 minute"},"schema":{"@context":"https:\/\/schema.org","@graph":[{"@type":"WebPage","@id":"https:\/\/bpf2025.flaw.uniba.sk\/sekcia-medzinarodneho-prava-a-medzinarodnych-vztahov\/","url":"https:\/\/bpf2025.flaw.uniba.sk\/sekcia-medzinarodneho-prava-a-medzinarodnych-vztahov\/","name":"Sekcia medzin\u00e1rodn\u00e9ho pr\u00e1va a medzin\u00e1rodn\u00fdch vz\u0165ahov - BPF","isPartOf":{"@id":"https:\/\/bpf2025.flaw.uniba.sk\/#website"},"datePublished":"2021-03-17T12:15:42+00:00","dateModified":"2024-05-14T11:58:59+00:00","breadcrumb":{"@id":"https:\/\/bpf2025.flaw.uniba.sk\/sekcia-medzinarodneho-prava-a-medzinarodnych-vztahov\/#breadcrumb"},"inLanguage":"en-US","potentialAction":[{"@type":"ReadAction","target":["https:\/\/bpf2025.flaw.uniba.sk\/sekcia-medzinarodneho-prava-a-medzinarodnych-vztahov\/"]}]},{"@type":"BreadcrumbList","@id":"https:\/\/bpf2025.flaw.uniba.sk\/sekcia-medzinarodneho-prava-a-medzinarodnych-vztahov\/#breadcrumb","itemListElement":[{"@type":"ListItem","position":1,"name":"Home","item":"https:\/\/bpf2025.flaw.uniba.sk\/"},{"@type":"ListItem","position":2,"name":"Sekcia medzin\u00e1rodn\u00e9ho pr\u00e1va a medzin\u00e1rodn\u00fdch vz\u0165ahov"}]},{"@type":"WebSite","@id":"https:\/\/bpf2025.flaw.uniba.sk\/#website","url":"https:\/\/bpf2025.flaw.uniba.sk\/","name":"BLF","description":"","publisher":{"@id":"https:\/\/bpf2025.flaw.uniba.sk\/#organization"},"potentialAction":[{"@type":"SearchAction","target":{"@type":"EntryPoint","urlTemplate":"https:\/\/bpf2025.flaw.uniba.sk\/?s={search_term_string}"},"query-input":{"@type":"PropertyValueSpecification","valueRequired":true,"valueName":"search_term_string"}}],"inLanguage":"en-US"},{"@type":"Organization","@id":"https:\/\/bpf2025.flaw.uniba.sk\/#organization","name":"BLF","url":"https:\/\/bpf2025.flaw.uniba.sk\/","logo":{"@type":"ImageObject","inLanguage":"en-US","@id":"https:\/\/bpf2025.flaw.uniba.sk\/#\/schema\/logo\/image\/","url":"https:\/\/bpf2025.flaw.uniba.sk\/wp-content\/uploads\/2025\/01\/LOGO-SJ-biela.png","contentUrl":"https:\/\/bpf2025.flaw.uniba.sk\/wp-content\/uploads\/2025\/01\/LOGO-SJ-biela.png","width":3151,"height":1062,"caption":"BPF"},"image":{"@id":"https:\/\/bpf2025.flaw.uniba.sk\/#\/schema\/logo\/image\/"}}]}},"_links":{"self":[{"href":"https:\/\/bpf2025.flaw.uniba.sk\/en\/wp-json\/wp\/v2\/pages\/354","targetHints":{"allow":["GET"]}}],"collection":[{"href":"https:\/\/bpf2025.flaw.uniba.sk\/en\/wp-json\/wp\/v2\/pages"}],"about":[{"href":"https:\/\/bpf2025.flaw.uniba.sk\/en\/wp-json\/wp\/v2\/types\/page"}],"author":[{"embeddable":true,"href":"https:\/\/bpf2025.flaw.uniba.sk\/en\/wp-json\/wp\/v2\/users\/2"}],"replies":[{"embeddable":true,"href":"https:\/\/bpf2025.flaw.uniba.sk\/en\/wp-json\/wp\/v2\/comments?post=354"}],"version-history":[{"count":9,"href":"https:\/\/bpf2025.flaw.uniba.sk\/en\/wp-json\/wp\/v2\/pages\/354\/revisions"}],"predecessor-version":[{"id":1312,"href":"https:\/\/bpf2025.flaw.uniba.sk\/en\/wp-json\/wp\/v2\/pages\/354\/revisions\/1312"}],"wp:attachment":[{"href":"https:\/\/bpf2025.flaw.uniba.sk\/en\/wp-json\/wp\/v2\/media?parent=354"}],"curies":[{"name":"wp","href":"https:\/\/api.w.org\/{rel}","templated":true}]}}