{"id":325,"date":"2021-03-17T12:58:59","date_gmt":"2021-03-17T11:58:59","guid":{"rendered":"https:\/\/bpf.flaw.uniba.sk\/?page_id=325"},"modified":"2025-07-03T09:30:09","modified_gmt":"2025-07-03T07:30:09","slug":"sekcia-obchodneho-hospodarskeho-prava","status":"publish","type":"page","link":"https:\/\/bpf2025.flaw.uniba.sk\/en\/sekcia-obchodneho-hospodarskeho-prava\/","title":{"rendered":"Commercial Law and Economic Law Section"},"content":{"rendered":"<figure class=\"wp-block-image size-large\"><img fetchpriority=\"high\" decoding=\"async\" width=\"1024\" height=\"520\" src=\"https:\/\/bpf.flaw.uniba.sk\/wp-content\/uploads\/2025\/07\/logo_V4-Fund-5-1024x520.png\" alt=\"\" class=\"wp-image-2307\" srcset=\"https:\/\/bpf2025.flaw.uniba.sk\/wp-content\/uploads\/2025\/07\/logo_V4-Fund-5-1024x520.png 1024w, https:\/\/bpf2025.flaw.uniba.sk\/wp-content\/uploads\/2025\/07\/logo_V4-Fund-5-300x152.png 300w, https:\/\/bpf2025.flaw.uniba.sk\/wp-content\/uploads\/2025\/07\/logo_V4-Fund-5-768x390.png 768w, https:\/\/bpf2025.flaw.uniba.sk\/wp-content\/uploads\/2025\/07\/logo_V4-Fund-5-18x9.png 18w, https:\/\/bpf2025.flaw.uniba.sk\/wp-content\/uploads\/2025\/07\/logo_V4-Fund-5-1200x610.png 1200w, https:\/\/bpf2025.flaw.uniba.sk\/wp-content\/uploads\/2025\/07\/logo_V4-Fund-5.png 1240w\" sizes=\"(max-width: 1024px) 100vw, 1024px\" \/><\/figure>\n\n\n\n<h2 class=\"wp-block-heading alignwide has-text-align-center\"><strong>Digitaliz\u00e1cia podnikate\u013esk\u00e9ho prostredia a&nbsp;umel\u00e1 inteligencia v obchodnom pr\u00e1ve<\/strong><\/h2>\n\n\n\n<p class=\"has-drop-cap\">The development of technologies contributes to the acceleration of processes in society, to changes in the flow and exchange of information and thus brings new challenges in the field of law. The above applies \"twice\" more in the business environment and its regulation within the framework of commercial and insolvency law, which must constantly respond to the material sources of law as well as to the legal regulations that regulate this issue at the level of European Union law. For these reasons, the aim of this section is to create a space for identifying current challenges associated with the development of technologies, or. application problems of the digitalization of the business environment and the integration of artificial intelligence and related processes within the framework of commercial law. The topics of individual contributions will be devoted mainly to the analysis of the impacts of the use of intelligent technologies in business, or. decision-making of commercial companies, as well as in registry processes. Contributions may focus on examining the impacts of technologies on the conclusion of contracts, as well as unfair business practices in digital marketing and their legal consequences, on issues related to the digitalization of public procurement and insolvency processes, on the use of artificial intelligence products in the context of information protection, personal data and confidentiality obligations, or on the use of intelligent technologies in commercial disputes, etc. <\/p>\n\n\n\n<p><\/p>\n\n\n\n<p><strong>Guarantors of the section:<\/strong><\/p>\n\n\n\n<p>doc. JUDr. Peter Luk\u00e1\u010dka, PhD.<\/p>\n\n\n\n<p>doc. JUDr. Jana Dura\u010dinsk\u00e1, PhD.<\/p>\n\n\n\n<p>JUDr. Katar\u00edna Pramukov\u00e1<\/p>\n\n\n\n<p><\/p>\n\n\n\n<p><em>The section is organized within the framework of the Artificial Intelligence for Legal Professions (AILE) project No. 09I05-03-V02-00038, which is funded by the EU NextGenerationEU through the Recovery and Resilience Plan of the Slovak Republic.<\/em><\/p>\n\n\n\n<p><\/p>","protected":false},"excerpt":{"rendered":"<p>Digitaliz\u00e1cia podnikate\u013esk\u00e9ho prostredia a&nbsp;umel\u00e1 inteligencia v obchodnom pr\u00e1ve Rozvoj technol\u00f3gi\u00ed prispieva k zr\u00fdch\u013eovaniu procesov v spolo\u010dnosti, k zmen\u00e1m pri toku a v\u00fdmene inform\u00e1ci\u00ed a prin\u00e1\u0161a tak nov\u00e9 v\u00fdzvy aj v oblasti pr\u00e1va. Uveden\u00e9 plat\u00ed \u201edva-kr\u00e1t\u201c viac v podnikate\u013eskom prostred\u00ed a jeho regul\u00e1cii v r\u00e1mci obchodn\u00e9ho a insolven\u010dn\u00e9ho pr\u00e1va, ktor\u00e9 mus\u00ed neust\u00e1le reagova\u0165 na materi\u00e1lne pramene [&hellip;]<\/p>\n","protected":false},"author":2,"featured_media":0,"parent":0,"menu_order":0,"comment_status":"closed","ping_status":"closed","template":"","meta":{"ngg_post_thumbnail":0,"footnotes":""},"class_list":["post-325","page","type-page","status-publish","hentry"],"yoast_head":"<!-- This site is optimized with the Yoast SEO plugin v27.2 - https:\/\/yoast.com\/product\/yoast-seo-wordpress\/ -->\n<title>Sekcia obchodn\u00e9ho a hospod\u00e1rskeho pr\u00e1va - BPF<\/title>\n<meta name=\"robots\" content=\"index, follow, max-snippet:-1, max-image-preview:large, max-video-preview:-1\" \/>\n<link rel=\"canonical\" href=\"https:\/\/bpf2025.flaw.uniba.sk\/en\/sekcia-obchodneho-hospodarskeho-prava\/\" \/>\n<meta property=\"og:locale\" content=\"en_US\" \/>\n<meta property=\"og:type\" content=\"article\" \/>\n<meta property=\"og:title\" content=\"Sekcia obchodn\u00e9ho a hospod\u00e1rskeho pr\u00e1va - BPF\" \/>\n<meta property=\"og:description\" content=\"Digitaliz\u00e1cia podnikate\u013esk\u00e9ho prostredia a&nbsp;umel\u00e1 inteligencia v obchodnom pr\u00e1ve Rozvoj technol\u00f3gi\u00ed prispieva k zr\u00fdch\u013eovaniu procesov v spolo\u010dnosti, k zmen\u00e1m pri toku a v\u00fdmene inform\u00e1ci\u00ed a prin\u00e1\u0161a tak nov\u00e9 v\u00fdzvy aj v oblasti pr\u00e1va. Uveden\u00e9 plat\u00ed \u201edva-kr\u00e1t\u201c viac v podnikate\u013eskom prostred\u00ed a jeho regul\u00e1cii v r\u00e1mci obchodn\u00e9ho a insolven\u010dn\u00e9ho pr\u00e1va, ktor\u00e9 mus\u00ed neust\u00e1le reagova\u0165 na materi\u00e1lne pramene [&hellip;]\" \/>\n<meta property=\"og:url\" content=\"https:\/\/bpf2025.flaw.uniba.sk\/en\/sekcia-obchodneho-hospodarskeho-prava\/\" \/>\n<meta property=\"og:site_name\" content=\"BPF\" \/>\n<meta property=\"article:modified_time\" content=\"2025-07-03T07:30:09+00:00\" \/>\n<meta property=\"og:image\" content=\"https:\/\/bpf.flaw.uniba.sk\/wp-content\/uploads\/2025\/07\/logo_V4-Fund-5-1024x520.png\" \/>\n<meta name=\"twitter:card\" content=\"summary_large_image\" \/>\n<meta name=\"twitter:label1\" content=\"Est. reading time\" \/>\n\t<meta name=\"twitter:data1\" content=\"2 minutes\" \/>\n<script type=\"application\/ld+json\" class=\"yoast-schema-graph\">{\"@context\":\"https:\/\/schema.org\",\"@graph\":[{\"@type\":\"WebPage\",\"@id\":\"https:\/\/bpf2025.flaw.uniba.sk\/sekcia-obchodneho-hospodarskeho-prava\/\",\"url\":\"https:\/\/bpf2025.flaw.uniba.sk\/sekcia-obchodneho-hospodarskeho-prava\/\",\"name\":\"Sekcia obchodn\u00e9ho a hospod\u00e1rskeho pr\u00e1va - BPF\",\"isPartOf\":{\"@id\":\"https:\/\/bpf2025.flaw.uniba.sk\/#website\"},\"primaryImageOfPage\":{\"@id\":\"https:\/\/bpf2025.flaw.uniba.sk\/sekcia-obchodneho-hospodarskeho-prava\/#primaryimage\"},\"image\":{\"@id\":\"https:\/\/bpf2025.flaw.uniba.sk\/sekcia-obchodneho-hospodarskeho-prava\/#primaryimage\"},\"thumbnailUrl\":\"https:\/\/bpf.flaw.uniba.sk\/wp-content\/uploads\/2025\/07\/logo_V4-Fund-5-1024x520.png\",\"datePublished\":\"2021-03-17T11:58:59+00:00\",\"dateModified\":\"2025-07-03T07:30:09+00:00\",\"breadcrumb\":{\"@id\":\"https:\/\/bpf2025.flaw.uniba.sk\/sekcia-obchodneho-hospodarskeho-prava\/#breadcrumb\"},\"inLanguage\":\"en-US\",\"potentialAction\":[{\"@type\":\"ReadAction\",\"target\":[\"https:\/\/bpf2025.flaw.uniba.sk\/sekcia-obchodneho-hospodarskeho-prava\/\"]}]},{\"@type\":\"ImageObject\",\"inLanguage\":\"en-US\",\"@id\":\"https:\/\/bpf2025.flaw.uniba.sk\/sekcia-obchodneho-hospodarskeho-prava\/#primaryimage\",\"url\":\"https:\/\/bpf.flaw.uniba.sk\/wp-content\/uploads\/2025\/07\/logo_V4-Fund-5-1024x520.png\",\"contentUrl\":\"https:\/\/bpf.flaw.uniba.sk\/wp-content\/uploads\/2025\/07\/logo_V4-Fund-5-1024x520.png\"},{\"@type\":\"BreadcrumbList\",\"@id\":\"https:\/\/bpf2025.flaw.uniba.sk\/sekcia-obchodneho-hospodarskeho-prava\/#breadcrumb\",\"itemListElement\":[{\"@type\":\"ListItem\",\"position\":1,\"name\":\"Home\",\"item\":\"https:\/\/bpf2025.flaw.uniba.sk\/\"},{\"@type\":\"ListItem\",\"position\":2,\"name\":\"Sekcia obchodn\u00e9ho a hospod\u00e1rskeho pr\u00e1va\"}]},{\"@type\":\"WebSite\",\"@id\":\"https:\/\/bpf2025.flaw.uniba.sk\/#website\",\"url\":\"https:\/\/bpf2025.flaw.uniba.sk\/\",\"name\":\"BPF\",\"description\":\"\",\"publisher\":{\"@id\":\"https:\/\/bpf2025.flaw.uniba.sk\/#organization\"},\"potentialAction\":[{\"@type\":\"SearchAction\",\"target\":{\"@type\":\"EntryPoint\",\"urlTemplate\":\"https:\/\/bpf2025.flaw.uniba.sk\/?s={search_term_string}\"},\"query-input\":{\"@type\":\"PropertyValueSpecification\",\"valueRequired\":true,\"valueName\":\"search_term_string\"}}],\"inLanguage\":\"en-US\"},{\"@type\":\"Organization\",\"@id\":\"https:\/\/bpf2025.flaw.uniba.sk\/#organization\",\"name\":\"BPF\",\"url\":\"https:\/\/bpf2025.flaw.uniba.sk\/\",\"logo\":{\"@type\":\"ImageObject\",\"inLanguage\":\"en-US\",\"@id\":\"https:\/\/bpf2025.flaw.uniba.sk\/#\/schema\/logo\/image\/\",\"url\":\"https:\/\/bpf2025.flaw.uniba.sk\/wp-content\/uploads\/2025\/01\/LOGO-SJ-biela.png\",\"contentUrl\":\"https:\/\/bpf2025.flaw.uniba.sk\/wp-content\/uploads\/2025\/01\/LOGO-SJ-biela.png\",\"width\":3151,\"height\":1062,\"caption\":\"BPF\"},\"image\":{\"@id\":\"https:\/\/bpf2025.flaw.uniba.sk\/#\/schema\/logo\/image\/\"}}]}<\/script>\n<!-- \/ Yoast SEO plugin. -->","yoast_head_json":{"title":"Sekcia obchodn\u00e9ho a hospod\u00e1rskeho pr\u00e1va - BPF","robots":{"index":"index","follow":"follow","max-snippet":"max-snippet:-1","max-image-preview":"max-image-preview:large","max-video-preview":"max-video-preview:-1"},"canonical":"https:\/\/bpf2025.flaw.uniba.sk\/en\/sekcia-obchodneho-hospodarskeho-prava\/","og_locale":"en_US","og_type":"article","og_title":"Sekcia obchodn\u00e9ho a hospod\u00e1rskeho pr\u00e1va - BPF","og_description":"Digitaliz\u00e1cia podnikate\u013esk\u00e9ho prostredia a&nbsp;umel\u00e1 inteligencia v obchodnom pr\u00e1ve Rozvoj technol\u00f3gi\u00ed prispieva k zr\u00fdch\u013eovaniu procesov v spolo\u010dnosti, k zmen\u00e1m pri toku a v\u00fdmene inform\u00e1ci\u00ed a prin\u00e1\u0161a tak nov\u00e9 v\u00fdzvy aj v oblasti pr\u00e1va. Uveden\u00e9 plat\u00ed \u201edva-kr\u00e1t\u201c viac v podnikate\u013eskom prostred\u00ed a jeho regul\u00e1cii v r\u00e1mci obchodn\u00e9ho a insolven\u010dn\u00e9ho pr\u00e1va, ktor\u00e9 mus\u00ed neust\u00e1le reagova\u0165 na materi\u00e1lne pramene [&hellip;]","og_url":"https:\/\/bpf2025.flaw.uniba.sk\/en\/sekcia-obchodneho-hospodarskeho-prava\/","og_site_name":"BPF","article_modified_time":"2025-07-03T07:30:09+00:00","og_image":[{"url":"https:\/\/bpf.flaw.uniba.sk\/wp-content\/uploads\/2025\/07\/logo_V4-Fund-5-1024x520.png","type":"","width":"","height":""}],"twitter_card":"summary_large_image","twitter_misc":{"Est. reading time":"2 minutes"},"schema":{"@context":"https:\/\/schema.org","@graph":[{"@type":"WebPage","@id":"https:\/\/bpf2025.flaw.uniba.sk\/sekcia-obchodneho-hospodarskeho-prava\/","url":"https:\/\/bpf2025.flaw.uniba.sk\/sekcia-obchodneho-hospodarskeho-prava\/","name":"Sekcia obchodn\u00e9ho a hospod\u00e1rskeho pr\u00e1va - BPF","isPartOf":{"@id":"https:\/\/bpf2025.flaw.uniba.sk\/#website"},"primaryImageOfPage":{"@id":"https:\/\/bpf2025.flaw.uniba.sk\/sekcia-obchodneho-hospodarskeho-prava\/#primaryimage"},"image":{"@id":"https:\/\/bpf2025.flaw.uniba.sk\/sekcia-obchodneho-hospodarskeho-prava\/#primaryimage"},"thumbnailUrl":"https:\/\/bpf.flaw.uniba.sk\/wp-content\/uploads\/2025\/07\/logo_V4-Fund-5-1024x520.png","datePublished":"2021-03-17T11:58:59+00:00","dateModified":"2025-07-03T07:30:09+00:00","breadcrumb":{"@id":"https:\/\/bpf2025.flaw.uniba.sk\/sekcia-obchodneho-hospodarskeho-prava\/#breadcrumb"},"inLanguage":"en-US","potentialAction":[{"@type":"ReadAction","target":["https:\/\/bpf2025.flaw.uniba.sk\/sekcia-obchodneho-hospodarskeho-prava\/"]}]},{"@type":"ImageObject","inLanguage":"en-US","@id":"https:\/\/bpf2025.flaw.uniba.sk\/sekcia-obchodneho-hospodarskeho-prava\/#primaryimage","url":"https:\/\/bpf.flaw.uniba.sk\/wp-content\/uploads\/2025\/07\/logo_V4-Fund-5-1024x520.png","contentUrl":"https:\/\/bpf.flaw.uniba.sk\/wp-content\/uploads\/2025\/07\/logo_V4-Fund-5-1024x520.png"},{"@type":"BreadcrumbList","@id":"https:\/\/bpf2025.flaw.uniba.sk\/sekcia-obchodneho-hospodarskeho-prava\/#breadcrumb","itemListElement":[{"@type":"ListItem","position":1,"name":"Home","item":"https:\/\/bpf2025.flaw.uniba.sk\/"},{"@type":"ListItem","position":2,"name":"Sekcia obchodn\u00e9ho a hospod\u00e1rskeho pr\u00e1va"}]},{"@type":"WebSite","@id":"https:\/\/bpf2025.flaw.uniba.sk\/#website","url":"https:\/\/bpf2025.flaw.uniba.sk\/","name":"BLF","description":"","publisher":{"@id":"https:\/\/bpf2025.flaw.uniba.sk\/#organization"},"potentialAction":[{"@type":"SearchAction","target":{"@type":"EntryPoint","urlTemplate":"https:\/\/bpf2025.flaw.uniba.sk\/?s={search_term_string}"},"query-input":{"@type":"PropertyValueSpecification","valueRequired":true,"valueName":"search_term_string"}}],"inLanguage":"en-US"},{"@type":"Organization","@id":"https:\/\/bpf2025.flaw.uniba.sk\/#organization","name":"BLF","url":"https:\/\/bpf2025.flaw.uniba.sk\/","logo":{"@type":"ImageObject","inLanguage":"en-US","@id":"https:\/\/bpf2025.flaw.uniba.sk\/#\/schema\/logo\/image\/","url":"https:\/\/bpf2025.flaw.uniba.sk\/wp-content\/uploads\/2025\/01\/LOGO-SJ-biela.png","contentUrl":"https:\/\/bpf2025.flaw.uniba.sk\/wp-content\/uploads\/2025\/01\/LOGO-SJ-biela.png","width":3151,"height":1062,"caption":"BPF"},"image":{"@id":"https:\/\/bpf2025.flaw.uniba.sk\/#\/schema\/logo\/image\/"}}]}},"_links":{"self":[{"href":"https:\/\/bpf2025.flaw.uniba.sk\/en\/wp-json\/wp\/v2\/pages\/325","targetHints":{"allow":["GET"]}}],"collection":[{"href":"https:\/\/bpf2025.flaw.uniba.sk\/en\/wp-json\/wp\/v2\/pages"}],"about":[{"href":"https:\/\/bpf2025.flaw.uniba.sk\/en\/wp-json\/wp\/v2\/types\/page"}],"author":[{"embeddable":true,"href":"https:\/\/bpf2025.flaw.uniba.sk\/en\/wp-json\/wp\/v2\/users\/2"}],"replies":[{"embeddable":true,"href":"https:\/\/bpf2025.flaw.uniba.sk\/en\/wp-json\/wp\/v2\/comments?post=325"}],"version-history":[{"count":8,"href":"https:\/\/bpf2025.flaw.uniba.sk\/en\/wp-json\/wp\/v2\/pages\/325\/revisions"}],"predecessor-version":[{"id":2308,"href":"https:\/\/bpf2025.flaw.uniba.sk\/en\/wp-json\/wp\/v2\/pages\/325\/revisions\/2308"}],"wp:attachment":[{"href":"https:\/\/bpf2025.flaw.uniba.sk\/en\/wp-json\/wp\/v2\/media?parent=325"}],"curies":[{"name":"wp","href":"https:\/\/api.w.org\/{rel}","templated":true}]}}