{"id":320,"date":"2021-03-17T12:57:39","date_gmt":"2021-03-17T11:57:39","guid":{"rendered":"https:\/\/bpf.flaw.uniba.sk\/?page_id=320"},"modified":"2025-07-03T09:34:03","modified_gmt":"2025-07-03T07:34:03","slug":"sekcia-trestneho-prava-kriminologie-kriminality","status":"publish","type":"page","link":"https:\/\/bpf2025.flaw.uniba.sk\/en\/sekcia-trestneho-prava-kriminologie-kriminality\/","title":{"rendered":"Criminal Law, Criminology and Criminalistics Section"},"content":{"rendered":"<figure class=\"wp-block-image size-large\"><img fetchpriority=\"high\" decoding=\"async\" width=\"1024\" height=\"520\" src=\"https:\/\/bpf.flaw.uniba.sk\/wp-content\/uploads\/2025\/07\/logo_V4-Fund-8-1024x520.png\" alt=\"\" class=\"wp-image-2314\" srcset=\"https:\/\/bpf2025.flaw.uniba.sk\/wp-content\/uploads\/2025\/07\/logo_V4-Fund-8-1024x520.png 1024w, https:\/\/bpf2025.flaw.uniba.sk\/wp-content\/uploads\/2025\/07\/logo_V4-Fund-8-300x152.png 300w, https:\/\/bpf2025.flaw.uniba.sk\/wp-content\/uploads\/2025\/07\/logo_V4-Fund-8-768x390.png 768w, https:\/\/bpf2025.flaw.uniba.sk\/wp-content\/uploads\/2025\/07\/logo_V4-Fund-8-18x9.png 18w, https:\/\/bpf2025.flaw.uniba.sk\/wp-content\/uploads\/2025\/07\/logo_V4-Fund-8-1200x610.png 1200w, https:\/\/bpf2025.flaw.uniba.sk\/wp-content\/uploads\/2025\/07\/logo_V4-Fund-8.png 1240w\" sizes=\"(max-width: 1024px) 100vw, 1024px\" \/><\/figure>\n\n\n\n<h2 class=\"wp-block-heading alignwide has-text-align-center\">The Direction of Criminal Law in the Age of Artificial Intelligence<\/h2>\n\n\n\n<p class=\"has-drop-cap\">The section will focus on the challenges of digitalisation in criminal law, including cybercrime, artificial intelligence and the digitalisation of criminal justice processes. The adaptation of criminal law tools to the digital environment, the protection of human rights and the harmonisation of legislation in this context will be discussed. The aim of the section is to identify trends shaping the future of criminal law in the context of technological developments.<\/p>\n\n\n\n<p><strong>Guarantors of the section:<\/strong><\/p>\n\n\n\n<p>prof. JUDr. Jozef \u010cent\u00e9\u0161, DrSc.<\/p>\n\n\n\n<p>Dr. h. c. prof. JUDr. Lucia Kurilovsk\u00e1, PhD.<\/p>\n\n\n\n<p>prof. JUDr. Tom\u00e1\u0161 Str\u00e9my, PhD.<\/p>\n\n\n\n<p><em>Sekcia je organizovan\u00e1 v&nbsp;r\u00e1mci projektu APVV 23-0519<br>Legal and Technical Challenges of Smart Mobility to Increase Road Safety<\/em><\/p>\n\n\n\n<p><\/p>","protected":false},"excerpt":{"rendered":"<p>Smerovanie trestn\u00e9ho pr\u00e1va v&nbsp;dobe umelej inteligencie Sekcia sa zameria na v\u00fdzvy digitaliz\u00e1cie v trestnom pr\u00e1ve, vr\u00e1tane kyberkriminality, umelej inteligencie a digitaliz\u00e1cie trestnopr\u00e1vnych procesov. Diskutovan\u00e1 bude adapt\u00e1cia trestnopr\u00e1vnych n\u00e1strojov na digit\u00e1lne prostredie, ochrana \u013eudsk\u00fdch pr\u00e1v a harmoniz\u00e1cia legislat\u00edvy v tomto kontexte. Cie\u013eom sekcie je identifikova\u0165 trendy formuj\u00face bud\u00facnos\u0165 trestn\u00e9ho pr\u00e1va v kontexte technologick\u00e9ho v\u00fdvoja. Garanti sekcie: [&hellip;]<\/p>\n","protected":false},"author":2,"featured_media":0,"parent":0,"menu_order":0,"comment_status":"closed","ping_status":"closed","template":"","meta":{"ngg_post_thumbnail":0,"footnotes":""},"class_list":["post-320","page","type-page","status-publish","hentry"],"yoast_head":"<!-- This site is optimized with the Yoast SEO plugin v27.2 - https:\/\/yoast.com\/product\/yoast-seo-wordpress\/ -->\n<title>Sekcia trestn\u00e9ho pr\u00e1va, kriminol\u00f3gie a kriminalistiky - BPF<\/title>\n<meta name=\"robots\" content=\"index, follow, max-snippet:-1, max-image-preview:large, max-video-preview:-1\" \/>\n<link rel=\"canonical\" href=\"https:\/\/bpf2025.flaw.uniba.sk\/en\/sekcia-trestneho-prava-kriminologie-kriminality\/\" \/>\n<meta property=\"og:locale\" content=\"en_US\" \/>\n<meta property=\"og:type\" content=\"article\" \/>\n<meta property=\"og:title\" content=\"Sekcia trestn\u00e9ho pr\u00e1va, kriminol\u00f3gie a kriminalistiky - BPF\" \/>\n<meta property=\"og:description\" content=\"Smerovanie trestn\u00e9ho pr\u00e1va v&nbsp;dobe umelej inteligencie Sekcia sa zameria na v\u00fdzvy digitaliz\u00e1cie v trestnom pr\u00e1ve, vr\u00e1tane kyberkriminality, umelej inteligencie a digitaliz\u00e1cie trestnopr\u00e1vnych procesov. Diskutovan\u00e1 bude adapt\u00e1cia trestnopr\u00e1vnych n\u00e1strojov na digit\u00e1lne prostredie, ochrana \u013eudsk\u00fdch pr\u00e1v a harmoniz\u00e1cia legislat\u00edvy v tomto kontexte. Cie\u013eom sekcie je identifikova\u0165 trendy formuj\u00face bud\u00facnos\u0165 trestn\u00e9ho pr\u00e1va v kontexte technologick\u00e9ho v\u00fdvoja. Garanti sekcie: [&hellip;]\" \/>\n<meta property=\"og:url\" content=\"https:\/\/bpf2025.flaw.uniba.sk\/en\/sekcia-trestneho-prava-kriminologie-kriminality\/\" \/>\n<meta property=\"og:site_name\" content=\"BPF\" \/>\n<meta property=\"article:modified_time\" content=\"2025-07-03T07:34:03+00:00\" \/>\n<meta property=\"og:image\" content=\"https:\/\/bpf.flaw.uniba.sk\/wp-content\/uploads\/2025\/07\/logo_V4-Fund-8-1024x520.png\" \/>\n<meta name=\"twitter:card\" content=\"summary_large_image\" \/>\n<meta name=\"twitter:label1\" content=\"Est. reading time\" \/>\n\t<meta name=\"twitter:data1\" content=\"1 minute\" \/>\n<script type=\"application\/ld+json\" class=\"yoast-schema-graph\">{\"@context\":\"https:\/\/schema.org\",\"@graph\":[{\"@type\":\"WebPage\",\"@id\":\"https:\/\/bpf2025.flaw.uniba.sk\/sekcia-trestneho-prava-kriminologie-kriminality\/\",\"url\":\"https:\/\/bpf2025.flaw.uniba.sk\/sekcia-trestneho-prava-kriminologie-kriminality\/\",\"name\":\"Sekcia trestn\u00e9ho pr\u00e1va, kriminol\u00f3gie a kriminalistiky - BPF\",\"isPartOf\":{\"@id\":\"https:\/\/bpf2025.flaw.uniba.sk\/#website\"},\"primaryImageOfPage\":{\"@id\":\"https:\/\/bpf2025.flaw.uniba.sk\/sekcia-trestneho-prava-kriminologie-kriminality\/#primaryimage\"},\"image\":{\"@id\":\"https:\/\/bpf2025.flaw.uniba.sk\/sekcia-trestneho-prava-kriminologie-kriminality\/#primaryimage\"},\"thumbnailUrl\":\"https:\/\/bpf.flaw.uniba.sk\/wp-content\/uploads\/2025\/07\/logo_V4-Fund-8-1024x520.png\",\"datePublished\":\"2021-03-17T11:57:39+00:00\",\"dateModified\":\"2025-07-03T07:34:03+00:00\",\"breadcrumb\":{\"@id\":\"https:\/\/bpf2025.flaw.uniba.sk\/sekcia-trestneho-prava-kriminologie-kriminality\/#breadcrumb\"},\"inLanguage\":\"en-US\",\"potentialAction\":[{\"@type\":\"ReadAction\",\"target\":[\"https:\/\/bpf2025.flaw.uniba.sk\/sekcia-trestneho-prava-kriminologie-kriminality\/\"]}]},{\"@type\":\"ImageObject\",\"inLanguage\":\"en-US\",\"@id\":\"https:\/\/bpf2025.flaw.uniba.sk\/sekcia-trestneho-prava-kriminologie-kriminality\/#primaryimage\",\"url\":\"https:\/\/bpf.flaw.uniba.sk\/wp-content\/uploads\/2025\/07\/logo_V4-Fund-8-1024x520.png\",\"contentUrl\":\"https:\/\/bpf.flaw.uniba.sk\/wp-content\/uploads\/2025\/07\/logo_V4-Fund-8-1024x520.png\"},{\"@type\":\"BreadcrumbList\",\"@id\":\"https:\/\/bpf2025.flaw.uniba.sk\/sekcia-trestneho-prava-kriminologie-kriminality\/#breadcrumb\",\"itemListElement\":[{\"@type\":\"ListItem\",\"position\":1,\"name\":\"Home\",\"item\":\"https:\/\/bpf2025.flaw.uniba.sk\/\"},{\"@type\":\"ListItem\",\"position\":2,\"name\":\"Sekcia trestn\u00e9ho pr\u00e1va, kriminol\u00f3gie a kriminalistiky\"}]},{\"@type\":\"WebSite\",\"@id\":\"https:\/\/bpf2025.flaw.uniba.sk\/#website\",\"url\":\"https:\/\/bpf2025.flaw.uniba.sk\/\",\"name\":\"BPF\",\"description\":\"\",\"publisher\":{\"@id\":\"https:\/\/bpf2025.flaw.uniba.sk\/#organization\"},\"potentialAction\":[{\"@type\":\"SearchAction\",\"target\":{\"@type\":\"EntryPoint\",\"urlTemplate\":\"https:\/\/bpf2025.flaw.uniba.sk\/?s={search_term_string}\"},\"query-input\":{\"@type\":\"PropertyValueSpecification\",\"valueRequired\":true,\"valueName\":\"search_term_string\"}}],\"inLanguage\":\"en-US\"},{\"@type\":\"Organization\",\"@id\":\"https:\/\/bpf2025.flaw.uniba.sk\/#organization\",\"name\":\"BPF\",\"url\":\"https:\/\/bpf2025.flaw.uniba.sk\/\",\"logo\":{\"@type\":\"ImageObject\",\"inLanguage\":\"en-US\",\"@id\":\"https:\/\/bpf2025.flaw.uniba.sk\/#\/schema\/logo\/image\/\",\"url\":\"https:\/\/bpf2025.flaw.uniba.sk\/wp-content\/uploads\/2025\/01\/LOGO-SJ-biela.png\",\"contentUrl\":\"https:\/\/bpf2025.flaw.uniba.sk\/wp-content\/uploads\/2025\/01\/LOGO-SJ-biela.png\",\"width\":3151,\"height\":1062,\"caption\":\"BPF\"},\"image\":{\"@id\":\"https:\/\/bpf2025.flaw.uniba.sk\/#\/schema\/logo\/image\/\"}}]}<\/script>\n<!-- \/ Yoast SEO plugin. -->","yoast_head_json":{"title":"Sekcia trestn\u00e9ho pr\u00e1va, kriminol\u00f3gie a kriminalistiky - BPF","robots":{"index":"index","follow":"follow","max-snippet":"max-snippet:-1","max-image-preview":"max-image-preview:large","max-video-preview":"max-video-preview:-1"},"canonical":"https:\/\/bpf2025.flaw.uniba.sk\/en\/sekcia-trestneho-prava-kriminologie-kriminality\/","og_locale":"en_US","og_type":"article","og_title":"Sekcia trestn\u00e9ho pr\u00e1va, kriminol\u00f3gie a kriminalistiky - BPF","og_description":"Smerovanie trestn\u00e9ho pr\u00e1va v&nbsp;dobe umelej inteligencie Sekcia sa zameria na v\u00fdzvy digitaliz\u00e1cie v trestnom pr\u00e1ve, vr\u00e1tane kyberkriminality, umelej inteligencie a digitaliz\u00e1cie trestnopr\u00e1vnych procesov. Diskutovan\u00e1 bude adapt\u00e1cia trestnopr\u00e1vnych n\u00e1strojov na digit\u00e1lne prostredie, ochrana \u013eudsk\u00fdch pr\u00e1v a harmoniz\u00e1cia legislat\u00edvy v tomto kontexte. Cie\u013eom sekcie je identifikova\u0165 trendy formuj\u00face bud\u00facnos\u0165 trestn\u00e9ho pr\u00e1va v kontexte technologick\u00e9ho v\u00fdvoja. Garanti sekcie: [&hellip;]","og_url":"https:\/\/bpf2025.flaw.uniba.sk\/en\/sekcia-trestneho-prava-kriminologie-kriminality\/","og_site_name":"BPF","article_modified_time":"2025-07-03T07:34:03+00:00","og_image":[{"url":"https:\/\/bpf.flaw.uniba.sk\/wp-content\/uploads\/2025\/07\/logo_V4-Fund-8-1024x520.png","type":"","width":"","height":""}],"twitter_card":"summary_large_image","twitter_misc":{"Est. reading time":"1 minute"},"schema":{"@context":"https:\/\/schema.org","@graph":[{"@type":"WebPage","@id":"https:\/\/bpf2025.flaw.uniba.sk\/sekcia-trestneho-prava-kriminologie-kriminality\/","url":"https:\/\/bpf2025.flaw.uniba.sk\/sekcia-trestneho-prava-kriminologie-kriminality\/","name":"Sekcia trestn\u00e9ho pr\u00e1va, kriminol\u00f3gie a kriminalistiky - BPF","isPartOf":{"@id":"https:\/\/bpf2025.flaw.uniba.sk\/#website"},"primaryImageOfPage":{"@id":"https:\/\/bpf2025.flaw.uniba.sk\/sekcia-trestneho-prava-kriminologie-kriminality\/#primaryimage"},"image":{"@id":"https:\/\/bpf2025.flaw.uniba.sk\/sekcia-trestneho-prava-kriminologie-kriminality\/#primaryimage"},"thumbnailUrl":"https:\/\/bpf.flaw.uniba.sk\/wp-content\/uploads\/2025\/07\/logo_V4-Fund-8-1024x520.png","datePublished":"2021-03-17T11:57:39+00:00","dateModified":"2025-07-03T07:34:03+00:00","breadcrumb":{"@id":"https:\/\/bpf2025.flaw.uniba.sk\/sekcia-trestneho-prava-kriminologie-kriminality\/#breadcrumb"},"inLanguage":"en-US","potentialAction":[{"@type":"ReadAction","target":["https:\/\/bpf2025.flaw.uniba.sk\/sekcia-trestneho-prava-kriminologie-kriminality\/"]}]},{"@type":"ImageObject","inLanguage":"en-US","@id":"https:\/\/bpf2025.flaw.uniba.sk\/sekcia-trestneho-prava-kriminologie-kriminality\/#primaryimage","url":"https:\/\/bpf.flaw.uniba.sk\/wp-content\/uploads\/2025\/07\/logo_V4-Fund-8-1024x520.png","contentUrl":"https:\/\/bpf.flaw.uniba.sk\/wp-content\/uploads\/2025\/07\/logo_V4-Fund-8-1024x520.png"},{"@type":"BreadcrumbList","@id":"https:\/\/bpf2025.flaw.uniba.sk\/sekcia-trestneho-prava-kriminologie-kriminality\/#breadcrumb","itemListElement":[{"@type":"ListItem","position":1,"name":"Home","item":"https:\/\/bpf2025.flaw.uniba.sk\/"},{"@type":"ListItem","position":2,"name":"Sekcia trestn\u00e9ho pr\u00e1va, kriminol\u00f3gie a kriminalistiky"}]},{"@type":"WebSite","@id":"https:\/\/bpf2025.flaw.uniba.sk\/#website","url":"https:\/\/bpf2025.flaw.uniba.sk\/","name":"BLF","description":"","publisher":{"@id":"https:\/\/bpf2025.flaw.uniba.sk\/#organization"},"potentialAction":[{"@type":"SearchAction","target":{"@type":"EntryPoint","urlTemplate":"https:\/\/bpf2025.flaw.uniba.sk\/?s={search_term_string}"},"query-input":{"@type":"PropertyValueSpecification","valueRequired":true,"valueName":"search_term_string"}}],"inLanguage":"en-US"},{"@type":"Organization","@id":"https:\/\/bpf2025.flaw.uniba.sk\/#organization","name":"BLF","url":"https:\/\/bpf2025.flaw.uniba.sk\/","logo":{"@type":"ImageObject","inLanguage":"en-US","@id":"https:\/\/bpf2025.flaw.uniba.sk\/#\/schema\/logo\/image\/","url":"https:\/\/bpf2025.flaw.uniba.sk\/wp-content\/uploads\/2025\/01\/LOGO-SJ-biela.png","contentUrl":"https:\/\/bpf2025.flaw.uniba.sk\/wp-content\/uploads\/2025\/01\/LOGO-SJ-biela.png","width":3151,"height":1062,"caption":"BPF"},"image":{"@id":"https:\/\/bpf2025.flaw.uniba.sk\/#\/schema\/logo\/image\/"}}]}},"_links":{"self":[{"href":"https:\/\/bpf2025.flaw.uniba.sk\/en\/wp-json\/wp\/v2\/pages\/320","targetHints":{"allow":["GET"]}}],"collection":[{"href":"https:\/\/bpf2025.flaw.uniba.sk\/en\/wp-json\/wp\/v2\/pages"}],"about":[{"href":"https:\/\/bpf2025.flaw.uniba.sk\/en\/wp-json\/wp\/v2\/types\/page"}],"author":[{"embeddable":true,"href":"https:\/\/bpf2025.flaw.uniba.sk\/en\/wp-json\/wp\/v2\/users\/2"}],"replies":[{"embeddable":true,"href":"https:\/\/bpf2025.flaw.uniba.sk\/en\/wp-json\/wp\/v2\/comments?post=320"}],"version-history":[{"count":15,"href":"https:\/\/bpf2025.flaw.uniba.sk\/en\/wp-json\/wp\/v2\/pages\/320\/revisions"}],"predecessor-version":[{"id":2315,"href":"https:\/\/bpf2025.flaw.uniba.sk\/en\/wp-json\/wp\/v2\/pages\/320\/revisions\/2315"}],"wp:attachment":[{"href":"https:\/\/bpf2025.flaw.uniba.sk\/en\/wp-json\/wp\/v2\/media?parent=320"}],"curies":[{"name":"wp","href":"https:\/\/api.w.org\/{rel}","templated":true}]}}